{"id":978,"date":"2022-03-15T14:58:56","date_gmt":"2022-03-15T14:58:56","guid":{"rendered":"https:\/\/amenagementchartrand.sltm.ca\/?post_type=product&#038;p=978"},"modified":"2025-09-19T15:04:51","modified_gmt":"2025-09-19T19:04:51","slug":"descente-moderne-5","status":"publish","type":"product","link":"https:\/\/amenagementchartrand.com\/en\/boutique\/descente-moderne-5\/","title":{"rendered":"Descente Moderne 5"},"content":{"rendered":"\t\t<div data-elementor-type=\"product-post\" data-elementor-id=\"978\" class=\"elementor elementor-978\" data-elementor-post-type=\"product\">\n\t\t\t\t<div class=\"elementor-element elementor-element-48720dda e-flex e-con-boxed e-con e-parent\" data-id=\"48720dda\" data-element_type=\"container\" data-e-type=\"container\">\n\t\t\t\t\t<div class=\"e-con-inner\">\n\t\t\t\t<div class=\"elementor-element elementor-element-6de9c2c elementor-widget elementor-widget-text-editor\" data-id=\"6de9c2c\" data-element_type=\"widget\" data-e-type=\"widget\" data-widget_type=\"text-editor.default\">\n\t\t\t\t<div class=\"elementor-widget-container\">\n\t\t\t\t\t\t\t\t\t<p><strong>LES CARACTE\u0301RISTIQUES :<\/strong>\u00a0Ne ne\u0301cessite aucun assemblage. Convient a\u0300 un escalier de 5 marches. Poteaux 3\u2019\u2019 et 1.75\u2019\u2019 compatibles. Aucune vis apparente. Ajustable de 35 a\u0300 41 degre\u0301s.<\/p><div class=\"page\" title=\"Page 1\"><div class=\"section\"><div class=\"layoutArea\"><div class=\"column\"><p><strong>L\u2019ENSEMBLE COMPREND :\u00a0<\/strong>1 descente assemble\u0301e : 1 main courante (1 1\u20442\u2019\u2019 x 1 1\u20442 \u2018\u2019). 1 profile\u0301 du bas (1 1\u20442\u2019\u2019 x 1 1\u20442 \u2018\u2019). 4 crans de fixation. Vis autopercantes.<\/p><div class=\"page\" title=\"Page 1\"><div class=\"section\"><div class=\"layoutArea\"><div class=\"column\"><p><strong>LES OUTILS REQUIS :\u00a0<\/strong>Scie a\u0300 onglet. Lame a\u0300 bois ou a\u0300 me\u0301tal. Perceuse.<\/p><\/div><\/div><\/div><\/div><\/div><\/div><\/div><\/div>\t\t\t\t\t\t\t\t<\/div>\n\t\t\t\t<\/div>\n\t\t\t\t<div class=\"elementor-element elementor-element-3a40a90 elementor-widget elementor-widget-html\" data-id=\"3a40a90\" data-element_type=\"widget\" data-e-type=\"widget\" data-widget_type=\"html.default\">\n\t\t\t\t<div class=\"elementor-widget-container\">\n\t\t\t\t\t<script type=\"application\/ld+json\">\n{\n  \"@context\": \"https:\/\/schema.org\/\",\n  \"@type\": \"Product\",\n  \"name\": \"Descente moderne 5\",\n  \"description\": \"Envie d\u2019une descente \u00e9l\u00e9gante et robuste pour votre escalier de 5 marches ? La Descente moderne 5 ne n\u00e9cessite aucun assemblage et s\u2019adapte facilement aux poteaux de 3\u2019\u2019 et 1.75\u2019\u2019. Son design \u00e9pur\u00e9 sans vis apparente assure une finition propre et s\u00e9curitaire. Ajustable entre 35 et 41 degr\u00e9s, elle offre une installation facile et adapt\u00e9e \u00e0 vos besoins. \\n\\nCaract\u00e9ristiques : Ne n\u00e9cessite aucun assemblage. Convient \u00e0 un escalier de 5 marches. Poteaux 3\u2019\u2019 et 1.75\u2019\u2019 compatibles. Aucune vis apparente. Ajustable de 35 \u00e0 41 degr\u00e9s.\\n\\nEnsemble compris : 1 descente assembl\u00e9e : 1 main courante (1 1\u20442\u2019\u2019 x 1 1\u20442 \u2018\u2019). 1 profil\u00e9 du bas (1 1\u20442\u2019\u2019 x 1 1\u20442 \u2018\u2019). 4 crans de fixation. Vis autopercantes.\\n\\nOutils requis : Scie \u00e0 onglet. Lame \u00e0 bois ou \u00e0 m\u00e9tal. Perceuse.\",\n  \"image\": [\n    \"https:\/\/amenagementchartrand.com\/wp-content\/uploads\/2022\/03\/descente.png\"\n  ],\n  \"sku\": \"000\",\n  \"offers\": {\n    \"@type\": \"Offer\",\n    \"priceCurrency\": \"CAD\",\n    \"price\": \"150.34\",\n    \"priceSpecification\": {\n      \"@type\": \"PriceSpecification\",\n      \"priceCurrency\": \"CAD\",\n      \"minPrice\": \"150.34\",\n      \"maxPrice\": \"263.86\"\n    },\n    \"priceValidUntil\": \"2025-12-31\",\n    \"url\": \"https:\/\/amenagementchartrand.com\/boutique\/descente-moderne-5\/\",\n    \"itemCondition\": \"https:\/\/schema.org\/NewCondition\",\n    \"taxIncluded\": false\n  }\n}\n<\/script>\n\t\t\t\t<\/div>\n\t\t\t\t<\/div>\n\t\t\t\t\t<\/div>\n\t\t\t\t<\/div>\n\t\t\t\t<\/div>\n\t\t","protected":false},"excerpt":{"rendered":"<p><strong>POTEAUX NON INCLUS<\/strong><\/p>\n<p>Descente moderne. Section de descente en aluminium pre\u0301assemble\u0301e. Ide\u0301ale pour se\u0301curiser votre escalier.<\/p>\n<p><a href=\"https:\/\/amenagementchartrand.com\/wp-content\/uploads\/2022\/03\/DESC-CRAN-SM-ASSY.pdf\" target=\"_blank\" rel=\"noopener\"><strong>Guide d&#8217;installation<\/strong><\/a><\/p>\n","protected":false},"featured_media":996,"comment_status":"open","ping_status":"closed","template":"","meta":[],"product_brand":[],"product_cat":[27],"product_tag":[],"class_list":{"0":"post-978","1":"product","2":"type-product","3":"status-publish","4":"has-post-thumbnail","6":"product_cat-clotures-aluminium","8":"first","9":"instock","10":"taxable","11":"shipping-taxable","12":"purchasable","13":"product-type-variable"},"_links":{"self":[{"href":"https:\/\/amenagementchartrand.com\/en\/wp-json\/wp\/v2\/product\/978","targetHints":{"allow":["GET"]}}],"collection":[{"href":"https:\/\/amenagementchartrand.com\/en\/wp-json\/wp\/v2\/product"}],"about":[{"href":"https:\/\/amenagementchartrand.com\/en\/wp-json\/wp\/v2\/types\/product"}],"replies":[{"embeddable":true,"href":"https:\/\/amenagementchartrand.com\/en\/wp-json\/wp\/v2\/comments?post=978"}],"version-history":[{"count":4,"href":"https:\/\/amenagementchartrand.com\/en\/wp-json\/wp\/v2\/product\/978\/revisions"}],"predecessor-version":[{"id":6756,"href":"https:\/\/amenagementchartrand.com\/en\/wp-json\/wp\/v2\/product\/978\/revisions\/6756"}],"wp:featuredmedia":[{"embeddable":true,"href":"https:\/\/amenagementchartrand.com\/en\/wp-json\/wp\/v2\/media\/996"}],"wp:attachment":[{"href":"https:\/\/amenagementchartrand.com\/en\/wp-json\/wp\/v2\/media?parent=978"}],"wp:term":[{"taxonomy":"product_brand","embeddable":true,"href":"https:\/\/amenagementchartrand.com\/en\/wp-json\/wp\/v2\/product_brand?post=978"},{"taxonomy":"product_cat","embeddable":true,"href":"https:\/\/amenagementchartrand.com\/en\/wp-json\/wp\/v2\/product_cat?post=978"},{"taxonomy":"product_tag","embeddable":true,"href":"https:\/\/amenagementchartrand.com\/en\/wp-json\/wp\/v2\/product_tag?post=978"}],"curies":[{"name":"wp","href":"https:\/\/api.w.org\/{rel}","templated":true}]}}