{"id":4199,"date":"2023-05-08T16:44:08","date_gmt":"2023-05-08T16:44:08","guid":{"rendered":"https:\/\/amenagementchartrand.com\/?post_type=product&#038;p=4199"},"modified":"2025-09-19T14:59:24","modified_gmt":"2025-09-19T18:59:24","slug":"dalles-mixtes","status":"publish","type":"product","link":"https:\/\/amenagementchartrand.com\/en\/boutique\/dalles-mixtes\/","title":{"rendered":"Dalles mixtes"},"content":{"rendered":"\t\t<div data-elementor-type=\"product-post\" data-elementor-id=\"4199\" class=\"elementor elementor-4199\" data-elementor-post-type=\"product\">\n\t\t\t\t<div class=\"elementor-element elementor-element-3707e64b e-flex e-con-boxed e-con e-parent\" data-id=\"3707e64b\" data-element_type=\"container\" data-e-type=\"container\">\n\t\t\t\t\t<div class=\"e-con-inner\">\n\t\t\t\t<div class=\"elementor-element elementor-element-665833f0 elementor-widget elementor-widget-text-editor\" data-id=\"665833f0\" data-element_type=\"widget\" data-e-type=\"widget\" data-widget_type=\"text-editor.default\">\n\t\t\t\t<div class=\"elementor-widget-container\">\n\t\t\t\t\t\t\t\t\t<h5>Dalles mixtes<\/h5><p><strong>25$\/chacun<\/strong><\/p><p>code : 032<\/p><p>Bureau: <a href=\"tel:4503774644\">450-377-4644<\/a><br \/>Courriel: <a href=\"mailto:admin@amenagementchartrand.com\">admin@amenagementchartrand.com<\/a><\/p>\t\t\t\t\t\t\t\t<\/div>\n\t\t\t\t<\/div>\n\t\t\t\t<div class=\"elementor-element elementor-element-5be0ad4 elementor-widget elementor-widget-html\" data-id=\"5be0ad4\" data-element_type=\"widget\" data-e-type=\"widget\" data-widget_type=\"html.default\">\n\t\t\t\t<div class=\"elementor-widget-container\">\n\t\t\t\t\t<script type=\"application\/ld+json\">\n{\n  \"@context\": \"https:\/\/schema.org\/\",\n  \"@type\": \"Product\",\n  \"name\": \"Dalles mixtes\",\n  \"description\": \"Les dalles mixtes combinent acier profil\u00e9 et dalle en b\u00e9ton pour offrir une solution structuralement performante et durable en am\u00e9nagements ext\u00e9rieurs. Gr\u00e2ce \u00e0 leur conception innovante, elles offrent \u00e0 la fois r\u00e9sistance m\u00e9canique \u00e9lev\u00e9e, r\u00e9sistance au feu adapt\u00e9e et isolation acoustique, tout en facilitant la pose gr\u00e2ce \u00e0 l'utilisation des bacs acier nervur\u00e9s comme coffrage perdu. Parfaites pour des projets r\u00e9sidentiels ou commerciaux, ces dalles garantissent robustesse, durabilit\u00e9 et esth\u00e9tique moderne.\",\n  \"image\": [\n    \"https:\/\/amenagementchartrand.com\/wp-content\/uploads\/2023\/05\/032-dalles-mixtes_web.jpg\"\n  ],\n  \"sku\": \"032\",\n  \"offers\": {\n    \"@type\": \"Offer\",\n    \"priceCurrency\": \"CAD\",\n    \"price\": \"25.00\",\n    \"priceValidUntil\": \"2025-12-31\",\n    \"url\": \"https:\/\/amenagementchartrand.com\/boutique\/dalles-mixtes\/\",\n    \"itemCondition\": \"https:\/\/schema.org\/NewCondition\",\n    \"taxIncluded\": false\n  }\n}\n<\/script>\n\t\t\t\t<\/div>\n\t\t\t\t<\/div>\n\t\t\t\t\t<\/div>\n\t\t\t\t<\/div>\n\t\t\t\t<\/div>\n\t\t","protected":false},"excerpt":{"rendered":"<p>Dalles mixtes 25$\/chacun code : 032 Bureau: 450-377-4644Courriel: admin@amenagementchartrand.com<\/p>\n","protected":false},"featured_media":4047,"comment_status":"open","ping_status":"closed","template":"","meta":[],"product_brand":[],"product_cat":[34],"product_tag":[],"class_list":{"0":"post-4199","1":"product","2":"type-product","3":"status-publish","4":"has-post-thumbnail","6":"product_cat-coin-des-aubaines","8":"first","9":"instock","10":"taxable","11":"shipping-taxable","12":"purchasable","13":"product-type-simple"},"_links":{"self":[{"href":"https:\/\/amenagementchartrand.com\/en\/wp-json\/wp\/v2\/product\/4199","targetHints":{"allow":["GET"]}}],"collection":[{"href":"https:\/\/amenagementchartrand.com\/en\/wp-json\/wp\/v2\/product"}],"about":[{"href":"https:\/\/amenagementchartrand.com\/en\/wp-json\/wp\/v2\/types\/product"}],"replies":[{"embeddable":true,"href":"https:\/\/amenagementchartrand.com\/en\/wp-json\/wp\/v2\/comments?post=4199"}],"version-history":[{"count":4,"href":"https:\/\/amenagementchartrand.com\/en\/wp-json\/wp\/v2\/product\/4199\/revisions"}],"predecessor-version":[{"id":6753,"href":"https:\/\/amenagementchartrand.com\/en\/wp-json\/wp\/v2\/product\/4199\/revisions\/6753"}],"wp:featuredmedia":[{"embeddable":true,"href":"https:\/\/amenagementchartrand.com\/en\/wp-json\/wp\/v2\/media\/4047"}],"wp:attachment":[{"href":"https:\/\/amenagementchartrand.com\/en\/wp-json\/wp\/v2\/media?parent=4199"}],"wp:term":[{"taxonomy":"product_brand","embeddable":true,"href":"https:\/\/amenagementchartrand.com\/en\/wp-json\/wp\/v2\/product_brand?post=4199"},{"taxonomy":"product_cat","embeddable":true,"href":"https:\/\/amenagementchartrand.com\/en\/wp-json\/wp\/v2\/product_cat?post=4199"},{"taxonomy":"product_tag","embeddable":true,"href":"https:\/\/amenagementchartrand.com\/en\/wp-json\/wp\/v2\/product_tag?post=4199"}],"curies":[{"name":"wp","href":"https:\/\/api.w.org\/{rel}","templated":true}]}}