{"id":4196,"date":"2023-05-08T16:43:22","date_gmt":"2023-05-08T16:43:22","guid":{"rendered":"https:\/\/amenagementchartrand.com\/?post_type=product&#038;p=4196"},"modified":"2025-10-10T14:15:41","modified_gmt":"2025-10-10T18:15:41","slug":"marche-raffinato","status":"publish","type":"product","link":"https:\/\/amenagementchartrand.com\/en\/boutique\/marche-raffinato\/","title":{"rendered":"Marche Raffinato"},"content":{"rendered":"\t\t<div data-elementor-type=\"product-post\" data-elementor-id=\"4196\" class=\"elementor elementor-4196\" data-elementor-post-type=\"product\">\n\t\t\t\t<div class=\"elementor-element elementor-element-4ea80b73 e-flex e-con-boxed e-con e-parent\" data-id=\"4ea80b73\" data-element_type=\"container\" data-e-type=\"container\">\n\t\t\t\t\t<div class=\"e-con-inner\">\n\t\t\t\t<div class=\"elementor-element elementor-element-1e7f3160 elementor-widget elementor-widget-text-editor\" data-id=\"1e7f3160\" data-element_type=\"widget\" data-e-type=\"widget\" data-widget_type=\"text-editor.default\">\n\t\t\t\t<div class=\"elementor-widget-container\">\n\t\t\t\t\t\t\t\t\t<h5>Marche Raffinato<\/h5><p><strong>75$\/chacun<\/strong><\/p><p>code : 031<\/p><p>Bureau: <a href=\"tel:4503774644\">450-377-4644<\/a><br \/>Courriel: <a href=\"mailto:admin@amenagementchartrand.com\">admin@amenagementchartrand.com<\/a><\/p>\t\t\t\t\t\t\t\t<\/div>\n\t\t\t\t<\/div>\n\t\t\t\t<div class=\"elementor-element elementor-element-7f96499 elementor-widget elementor-widget-html\" data-id=\"7f96499\" data-element_type=\"widget\" data-e-type=\"widget\" data-widget_type=\"html.default\">\n\t\t\t\t<div class=\"elementor-widget-container\">\n\t\t\t\t\t<script type=\"application\/ld+json\">\n{\n  \"@context\": \"https:\/\/schema.org\/\",\n  \"@type\": \"Product\",\n  \"name\": \"Marche Raffinato\",\n  \"image\": [\n    \"https:\/\/amenagementchartrand.com\/wp-content\/uploads\/2023\/05\/031-marche-rafinato2_web.jpg\"\n  ],\n  \"description\": \"La Marche Raffinato d\u2019Am\u00e9nagement Chartrand est con\u00e7ue pour offrir une \u00e9l\u00e9gance moderne et une grande robustesse, id\u00e9ale pour escaliers ext\u00e9rieurs et int\u00e9gr\u00e9e parfaitement dans tout am\u00e9nagement paysager r\u00e9sidentiel ou commercial au Qu\u00e9bec.\",\n  \"sku\": \"031\",\n  \"brand\": {\n    \"@type\": \"Organization\",\n    \"name\": \"Am\u00e9nagement Chartrand\",\n    \"url\": \"https:\/\/amenagementchartrand.com\",\n    \"telephone\": \"+1-450-377-4644\",\n    \"address\": {\n      \"@type\": \"PostalAddress\",\n      \"streetAddress\": \"527 Bd Pie-XII\",\n      \"addressLocality\": \"Salaberry-de-Valleyfield\",\n      \"addressRegion\": \"QC\",\n      \"postalCode\": \"J6S 6P7\",\n      \"addressCountry\": \"CA\"\n    },\n    \"image\": \"https:\/\/amenagementchartrand.com\/wp-content\/uploads\/2023\/05\/031-marche-rafinato2_web.jpg\"\n  },\n  \"offers\": {\n    \"@type\": \"Offer\",\n    \"url\": \"https:\/\/amenagementchartrand.com\/boutique\/marche-raffinato\/\",\n    \"priceCurrency\": \"CAD\",\n    \"price\": \"75.00\",\n    \"availability\": \"http:\/\/schema.org\/InStock\",\n    \"seller\": {\n      \"@type\": \"Organization\",\n      \"name\": \"Am\u00e9nagement Chartrand\",\n      \"url\": \"https:\/\/amenagementchartrand.com\"\n    }\n  }\n}\n<\/script>\n\t\t\t\t<\/div>\n\t\t\t\t<\/div>\n\t\t\t\t\t<\/div>\n\t\t\t\t<\/div>\n\t\t\t\t<\/div>\n\t\t","protected":false},"excerpt":{"rendered":"<p>Marche Raffinato 75$\/chacun code : 031 Bureau: 450-377-4644Courriel: admin@amenagementchartrand.com<\/p>\n","protected":false},"featured_media":4045,"comment_status":"open","ping_status":"closed","template":"","meta":[],"product_brand":[],"product_cat":[34],"product_tag":[],"class_list":{"0":"post-4196","1":"product","2":"type-product","3":"status-publish","4":"has-post-thumbnail","6":"product_cat-coin-des-aubaines","8":"first","9":"instock","10":"taxable","11":"shipping-taxable","12":"purchasable","13":"product-type-simple"},"_links":{"self":[{"href":"https:\/\/amenagementchartrand.com\/en\/wp-json\/wp\/v2\/product\/4196","targetHints":{"allow":["GET"]}}],"collection":[{"href":"https:\/\/amenagementchartrand.com\/en\/wp-json\/wp\/v2\/product"}],"about":[{"href":"https:\/\/amenagementchartrand.com\/en\/wp-json\/wp\/v2\/types\/product"}],"replies":[{"embeddable":true,"href":"https:\/\/amenagementchartrand.com\/en\/wp-json\/wp\/v2\/comments?post=4196"}],"version-history":[{"count":4,"href":"https:\/\/amenagementchartrand.com\/en\/wp-json\/wp\/v2\/product\/4196\/revisions"}],"predecessor-version":[{"id":6782,"href":"https:\/\/amenagementchartrand.com\/en\/wp-json\/wp\/v2\/product\/4196\/revisions\/6782"}],"wp:featuredmedia":[{"embeddable":true,"href":"https:\/\/amenagementchartrand.com\/en\/wp-json\/wp\/v2\/media\/4045"}],"wp:attachment":[{"href":"https:\/\/amenagementchartrand.com\/en\/wp-json\/wp\/v2\/media?parent=4196"}],"wp:term":[{"taxonomy":"product_brand","embeddable":true,"href":"https:\/\/amenagementchartrand.com\/en\/wp-json\/wp\/v2\/product_brand?post=4196"},{"taxonomy":"product_cat","embeddable":true,"href":"https:\/\/amenagementchartrand.com\/en\/wp-json\/wp\/v2\/product_cat?post=4196"},{"taxonomy":"product_tag","embeddable":true,"href":"https:\/\/amenagementchartrand.com\/en\/wp-json\/wp\/v2\/product_tag?post=4196"}],"curies":[{"name":"wp","href":"https:\/\/api.w.org\/{rel}","templated":true}]}}