{"id":4193,"date":"2023-05-08T16:42:18","date_gmt":"2023-05-08T16:42:18","guid":{"rendered":"https:\/\/amenagementchartrand.com\/?post_type=product&#038;p=4193"},"modified":"2025-09-19T14:07:00","modified_gmt":"2025-09-19T18:07:00","slug":"ardoise-grise","status":"publish","type":"product","link":"https:\/\/amenagementchartrand.com\/en\/boutique\/ardoise-grise\/","title":{"rendered":"Ardoise grise"},"content":{"rendered":"\t\t<div data-elementor-type=\"product-post\" data-elementor-id=\"4193\" class=\"elementor elementor-4193\" data-elementor-post-type=\"product\">\n\t\t\t\t<div class=\"elementor-element elementor-element-79c80e1b e-flex e-con-boxed e-con e-parent\" data-id=\"79c80e1b\" data-element_type=\"container\" data-e-type=\"container\">\n\t\t\t\t\t<div class=\"e-con-inner\">\n\t\t\t\t<div class=\"elementor-element elementor-element-6085082b elementor-widget elementor-widget-text-editor\" data-id=\"6085082b\" data-element_type=\"widget\" data-e-type=\"widget\" data-widget_type=\"text-editor.default\">\n\t\t\t\t<div class=\"elementor-widget-container\">\n\t\t\t\t\t\t\t\t\t<p>Ardoise grise<br \/><strong>750$\/lot<\/strong><\/p><p>168 pi2<\/p><p>code : 030<\/p><p>Bureau: <a href=\"tel:4503774644\">450-377-4644<\/a><br \/>Courriel: <a href=\"mailto:admin@amenagementchartrand.com\">admin@amenagementchartrand.com<\/a><\/p>\t\t\t\t\t\t\t\t<\/div>\n\t\t\t\t<\/div>\n\t\t\t\t\t<\/div>\n\t\t\t\t<\/div>\n\t\t<div class=\"elementor-element elementor-element-7019d71 e-flex e-con-boxed e-con e-parent\" data-id=\"7019d71\" data-element_type=\"container\" data-e-type=\"container\">\n\t\t\t\t\t<div class=\"e-con-inner\">\n\t\t\t\t<div class=\"elementor-element elementor-element-8d47d5b elementor-widget elementor-widget-html\" data-id=\"8d47d5b\" data-element_type=\"widget\" data-e-type=\"widget\" data-widget_type=\"html.default\">\n\t\t\t\t<div class=\"elementor-widget-container\">\n\t\t\t\t\t<script type=\"application\/ld+json\">\n{\n  \"@context\": \"https:\/\/schema.org\/\",\n  \"@type\": \"Product\",\n  \"name\": \"Ardoise grise\",\n  \"description\": \"L'ardoise grise est une roche m\u00e9tamorphique naturelle \u00e0 grain fin, c\u00e9l\u00e8bre pour sa r\u00e9sistance et son \u00e9l\u00e9gance intemporelle. Sa teinte grise, allant du gris neutre au gris anthracite, s'harmonise parfaitement avec tous les styles d'am\u00e9nagement ext\u00e9rieur, qu'il soit contemporain ou classique. Utilis\u00e9e pour les all\u00e9es, patios, murs d\u00e9coratifs et am\u00e9nagements paysagers, cette pierre naturelle procure une ambiance raffin\u00e9e tout en \u00e9tant durable et facile \u00e0 entretenir. Son fini satin\u00e9 et sa texture homog\u00e8ne en font un mat\u00e9riau haut de gamme id\u00e9al pour rehausser l'esth\u00e9tique des espaces verts. L'ardoise grise offre un excellent drainage et r\u00e9siste aux intemp\u00e9ries, ce qui en fait un choix privil\u00e9gi\u00e9 pour les projets paysagers \u00e0 long terme.\",\n  \"image\": [\n    \"https:\/\/amenagementchartrand.com\/wp-content\/uploads\/2023\/05\/IMG_1889_web.jpg\"\n  ],\n  \"sku\": \"030\",\n  \"offers\": {\n    \"@type\": \"Offer\",\n    \"priceCurrency\": \"CAD\",\n    \"price\": \"750.00\",\n    \"priceValidUntil\": \"2025-12-31\",\n    \"url\": \"https:\/\/amenagementchartrand.com\/boutique\/ardoise-grise\/\",\n    \"itemCondition\": \"https:\/\/schema.org\/NewCondition\",\n    \"taxIncluded\": false\n  }\n}\n<\/script>\n\t\t\t\t<\/div>\n\t\t\t\t<\/div>\n\t\t\t\t\t<\/div>\n\t\t\t\t<\/div>\n\t\t\t\t<\/div>\n\t\t","protected":false},"excerpt":{"rendered":"<p>Ardoise grise750$\/lot 168 pi2 code : 030 Bureau: 450-377-4644Courriel: admin@amenagementchartrand.com<\/p>\n","protected":false},"featured_media":4107,"comment_status":"open","ping_status":"closed","template":"","meta":[],"product_brand":[],"product_cat":[34],"product_tag":[],"class_list":{"0":"post-4193","1":"product","2":"type-product","3":"status-publish","4":"has-post-thumbnail","6":"product_cat-coin-des-aubaines","8":"first","9":"instock","10":"taxable","11":"shipping-taxable","12":"purchasable","13":"product-type-simple"},"_links":{"self":[{"href":"https:\/\/amenagementchartrand.com\/en\/wp-json\/wp\/v2\/product\/4193","targetHints":{"allow":["GET"]}}],"collection":[{"href":"https:\/\/amenagementchartrand.com\/en\/wp-json\/wp\/v2\/product"}],"about":[{"href":"https:\/\/amenagementchartrand.com\/en\/wp-json\/wp\/v2\/types\/product"}],"replies":[{"embeddable":true,"href":"https:\/\/amenagementchartrand.com\/en\/wp-json\/wp\/v2\/comments?post=4193"}],"version-history":[{"count":7,"href":"https:\/\/amenagementchartrand.com\/en\/wp-json\/wp\/v2\/product\/4193\/revisions"}],"predecessor-version":[{"id":6710,"href":"https:\/\/amenagementchartrand.com\/en\/wp-json\/wp\/v2\/product\/4193\/revisions\/6710"}],"wp:featuredmedia":[{"embeddable":true,"href":"https:\/\/amenagementchartrand.com\/en\/wp-json\/wp\/v2\/media\/4107"}],"wp:attachment":[{"href":"https:\/\/amenagementchartrand.com\/en\/wp-json\/wp\/v2\/media?parent=4193"}],"wp:term":[{"taxonomy":"product_brand","embeddable":true,"href":"https:\/\/amenagementchartrand.com\/en\/wp-json\/wp\/v2\/product_brand?post=4193"},{"taxonomy":"product_cat","embeddable":true,"href":"https:\/\/amenagementchartrand.com\/en\/wp-json\/wp\/v2\/product_cat?post=4193"},{"taxonomy":"product_tag","embeddable":true,"href":"https:\/\/amenagementchartrand.com\/en\/wp-json\/wp\/v2\/product_tag?post=4193"}],"curies":[{"name":"wp","href":"https:\/\/api.w.org\/{rel}","templated":true}]}}