{"id":4191,"date":"2023-05-08T16:41:32","date_gmt":"2023-05-08T16:41:32","guid":{"rendered":"https:\/\/amenagementchartrand.com\/?post_type=product&#038;p=4191"},"modified":"2025-09-19T14:56:31","modified_gmt":"2025-09-19T18:56:31","slug":"dalles-diverses","status":"publish","type":"product","link":"https:\/\/amenagementchartrand.com\/en\/boutique\/dalles-diverses\/","title":{"rendered":"Dalles diverses"},"content":{"rendered":"\t\t<div data-elementor-type=\"product-post\" data-elementor-id=\"4191\" class=\"elementor elementor-4191\" data-elementor-post-type=\"product\">\n\t\t\t\t<div class=\"elementor-element elementor-element-4f2eadc2 e-flex e-con-boxed e-con e-parent\" data-id=\"4f2eadc2\" data-element_type=\"container\" data-e-type=\"container\">\n\t\t\t\t\t<div class=\"e-con-inner\">\n\t\t\t\t<div class=\"elementor-element elementor-element-1dab0afa elementor-widget elementor-widget-text-editor\" data-id=\"1dab0afa\" data-element_type=\"widget\" data-e-type=\"widget\" data-widget_type=\"text-editor.default\">\n\t\t\t\t<div class=\"elementor-widget-container\">\n\t\t\t\t\t\t\t\t\t<p>Dalles diverses<\/p><p><strong>25$\/chacun<\/strong><\/p><p>code : 029<\/p><p>Bureau: <a href=\"tel:4503774644\">450-377-4644<\/a><br \/>Courriel: <a href=\"mailto:admin@amenagementchartrand.com\">admin@amenagementchartrand.com<\/a><\/p>\t\t\t\t\t\t\t\t<\/div>\n\t\t\t\t<\/div>\n\t\t\t\t<div class=\"elementor-element elementor-element-4f98cc4 elementor-widget elementor-widget-html\" data-id=\"4f98cc4\" data-element_type=\"widget\" data-e-type=\"widget\" data-widget_type=\"html.default\">\n\t\t\t\t<div class=\"elementor-widget-container\">\n\t\t\t\t\t<script type=\"application\/ld+json\">\n{\n  \"@context\": \"https:\/\/schema.org\/\",\n  \"@type\": \"Product\",\n  \"name\": \"Dalles diverses\",\n  \"description\": \"Les dalles diverses propos\u00e9es sont des \u00e9l\u00e9ments polyvalents pour vos projets d\u2019am\u00e9nagement ext\u00e9rieur. Avec leur design vari\u00e9, elles conviennent parfaitement aux patios, all\u00e9es, et espaces paysagers cherchant une touche personnalis\u00e9e et unique. Fabriqu\u00e9es \u00e0 partir de mat\u00e9riaux durables, ces dalles assurent une r\u00e9sistance accrue aux intemp\u00e9ries et une facilit\u00e9 d\u2019entretien. Chaque dalle est vendue individuellement, vous permettant de choisir la quantit\u00e9 adapt\u00e9e \u00e0 votre projet.\",\n  \"image\": [\n    \"https:\/\/amenagementchartrand.com\/wp-content\/uploads\/2023\/05\/IMG_1887_web.jpg\"\n  ],\n  \"sku\": \"029\",\n  \"offers\": {\n    \"@type\": \"Offer\",\n    \"priceCurrency\": \"CAD\",\n    \"price\": \"25.00\",\n    \"priceValidUntil\": \"2025-12-31\",\n    \"url\": \"https:\/\/amenagementchartrand.com\/boutique\/dalles-diverses\/\",\n    \"itemCondition\": \"https:\/\/schema.org\/NewCondition\",\n    \"taxIncluded\": false\n  }\n}\n<\/script>\n\t\t\t\t<\/div>\n\t\t\t\t<\/div>\n\t\t\t\t\t<\/div>\n\t\t\t\t<\/div>\n\t\t\t\t<\/div>\n\t\t","protected":false},"excerpt":{"rendered":"<p>Dalles diverses 25$\/chacun code : 029 Bureau: 450-377-4644Courriel: admin@amenagementchartrand.com<\/p>\n","protected":false},"featured_media":4105,"comment_status":"open","ping_status":"closed","template":"","meta":[],"product_brand":[],"product_cat":[34],"product_tag":[],"class_list":{"0":"post-4191","1":"product","2":"type-product","3":"status-publish","4":"has-post-thumbnail","6":"product_cat-coin-des-aubaines","8":"first","9":"instock","10":"taxable","11":"shipping-taxable","12":"purchasable","13":"product-type-simple"},"_links":{"self":[{"href":"https:\/\/amenagementchartrand.com\/en\/wp-json\/wp\/v2\/product\/4191","targetHints":{"allow":["GET"]}}],"collection":[{"href":"https:\/\/amenagementchartrand.com\/en\/wp-json\/wp\/v2\/product"}],"about":[{"href":"https:\/\/amenagementchartrand.com\/en\/wp-json\/wp\/v2\/types\/product"}],"replies":[{"embeddable":true,"href":"https:\/\/amenagementchartrand.com\/en\/wp-json\/wp\/v2\/comments?post=4191"}],"version-history":[{"count":4,"href":"https:\/\/amenagementchartrand.com\/en\/wp-json\/wp\/v2\/product\/4191\/revisions"}],"predecessor-version":[{"id":6750,"href":"https:\/\/amenagementchartrand.com\/en\/wp-json\/wp\/v2\/product\/4191\/revisions\/6750"}],"wp:featuredmedia":[{"embeddable":true,"href":"https:\/\/amenagementchartrand.com\/en\/wp-json\/wp\/v2\/media\/4105"}],"wp:attachment":[{"href":"https:\/\/amenagementchartrand.com\/en\/wp-json\/wp\/v2\/media?parent=4191"}],"wp:term":[{"taxonomy":"product_brand","embeddable":true,"href":"https:\/\/amenagementchartrand.com\/en\/wp-json\/wp\/v2\/product_brand?post=4191"},{"taxonomy":"product_cat","embeddable":true,"href":"https:\/\/amenagementchartrand.com\/en\/wp-json\/wp\/v2\/product_cat?post=4191"},{"taxonomy":"product_tag","embeddable":true,"href":"https:\/\/amenagementchartrand.com\/en\/wp-json\/wp\/v2\/product_tag?post=4191"}],"curies":[{"name":"wp","href":"https:\/\/api.w.org\/{rel}","templated":true}]}}