{"id":4189,"date":"2023-05-08T16:40:28","date_gmt":"2023-05-08T16:40:28","guid":{"rendered":"https:\/\/amenagementchartrand.com\/?post_type=product&#038;p=4189"},"modified":"2025-10-10T14:27:31","modified_gmt":"2025-10-10T18:27:31","slug":"muret-brandon","status":"publish","type":"product","link":"https:\/\/amenagementchartrand.com\/en\/boutique\/muret-brandon\/","title":{"rendered":"Muret Brandon"},"content":{"rendered":"\t\t<div data-elementor-type=\"product-post\" data-elementor-id=\"4189\" class=\"elementor elementor-4189\" data-elementor-post-type=\"product\">\n\t\t\t\t<div class=\"elementor-element elementor-element-184d7ff9 e-flex e-con-boxed e-con e-parent\" data-id=\"184d7ff9\" data-element_type=\"container\" data-e-type=\"container\">\n\t\t\t\t\t<div class=\"e-con-inner\">\n\t\t\t\t<div class=\"elementor-element elementor-element-772c4b0 elementor-widget elementor-widget-text-editor\" data-id=\"772c4b0\" data-element_type=\"widget\" data-e-type=\"widget\" data-widget_type=\"text-editor.default\">\n\t\t\t\t<div class=\"elementor-widget-container\">\n\t\t\t\t\t\t\t\t\t<h3>Un mur tout en style, optez pour le muret Brandon!<\/h3><h5>Muret Brandon<\/h5><p><strong>275$\/lot<\/strong><\/p><p>14 pi2<\/p><p>code : 028<\/p><p>Bureau: <a href=\"tel:4503774644\">450-377-4644<\/a><br \/>Courriel: <a href=\"mailto:admin@amenagementchartrand.com\">admin@amenagementchartrand.com<\/a><\/p><p>\u00a0<\/p><p>Voyez tous nos autres styles de muret <a href=\"https:\/\/amenagementchartrand.com\/boutique\/\">en cliquant ici<\/a>!<\/p><p>\u00a0<\/p><p>Donnez du cachet \u00e0 votre cour avec le muret Brandon. Son look textur\u00e9 et ses belles couleurs ajoutent un charme naturel et durable \u00e0 vos murets et jardins. Simple \u00e0 agencer, il va embellir votre ext\u00e9rieur pour longtemps. On l&#8217;installe pour vous!<\/p>\t\t\t\t\t\t\t\t<\/div>\n\t\t\t\t<\/div>\n\t\t\t\t<div class=\"elementor-element elementor-element-bb9e304 elementor-widget elementor-widget-html\" data-id=\"bb9e304\" data-element_type=\"widget\" data-e-type=\"widget\" data-widget_type=\"html.default\">\n\t\t\t\t<div class=\"elementor-widget-container\">\n\t\t\t\t\t<script type=\"application\/ld+json\">\n{\n  \"@context\": \"https:\/\/schema.org\/\",\n  \"@type\": \"Product\",\n  \"name\": \"Muret Brandon\",\n  \"image\": [\n    \"https:\/\/amenagementchartrand.com\/wp-content\/uploads\/2023\/05\/IMG_1885_web.jpg\"\n  ],\n  \"description\": \"Le Muret Brandon d\u2019Am\u00e9nagement Chartrand offre un look textur\u00e9, des couleurs naturelles et une durabilit\u00e9 remarquable. Id\u00e9al pour ajouter du charme \u00e0 vos murets, jardins et am\u00e9nagements paysagers au Qu\u00e9bec. Facile \u00e0 agencer, il s'adapte \u00e0 tout projet r\u00e9sidentiel ou commercial et se distingue par sa robustesse et son style intemporel.\",\n  \"sku\": \"028\",\n  \"brand\": {\n    \"@type\": \"Organization\",\n    \"name\": \"Am\u00e9nagement Chartrand\",\n    \"url\": \"https:\/\/amenagementchartrand.com\",\n    \"telephone\": \"+1-450-377-4644\",\n    \"address\": {\n      \"@type\": \"PostalAddress\",\n      \"streetAddress\": \"527 Bd Pie-XII\",\n      \"addressLocality\": \"Salaberry-de-Valleyfield\",\n      \"addressRegion\": \"QC\",\n      \"postalCode\": \"J6S 6P7\",\n      \"addressCountry\": \"CA\"\n    },\n    \"image\": \"https:\/\/amenagementchartrand.com\/wp-content\/uploads\/2023\/05\/IMG_1885_web.jpg\"\n  },\n  \"offers\": {\n    \"@type\": \"Offer\",\n    \"url\": \"https:\/\/amenagementchartrand.com\/boutique\/muret-brandon\/\",\n    \"priceCurrency\": \"CAD\",\n    \"price\": \"275.00\",\n    \"availability\": \"http:\/\/schema.org\/InStock\",\n    \"seller\": {\n      \"@type\": \"Organization\",\n      \"name\": \"Am\u00e9nagement Chartrand\",\n      \"url\": \"https:\/\/amenagementchartrand.com\"\n    }\n  }\n}\n<\/script>\n\t\t\t\t<\/div>\n\t\t\t\t<\/div>\n\t\t\t\t\t<\/div>\n\t\t\t\t<\/div>\n\t\t\t\t<\/div>\n\t\t","protected":false},"excerpt":{"rendered":"<p>Donnez du cachet \u00e0 votre cour avec le muret Brandon. Son look textur\u00e9 et ses belles couleurs ajoutent un charme naturel et durable \u00e0 vos murets et jardins. Simple \u00e0 agencer, il va embellir votre ext\u00e9rieur pour longtemps. On l&#8217;installe pour vous!<\/p>\n","protected":false},"featured_media":4103,"comment_status":"open","ping_status":"closed","template":"","meta":[],"product_brand":[],"product_cat":[34],"product_tag":[],"class_list":{"0":"post-4189","1":"product","2":"type-product","3":"status-publish","4":"has-post-thumbnail","6":"product_cat-coin-des-aubaines","8":"first","9":"instock","10":"taxable","11":"shipping-taxable","12":"purchasable","13":"product-type-simple"},"_links":{"self":[{"href":"https:\/\/amenagementchartrand.com\/en\/wp-json\/wp\/v2\/product\/4189","targetHints":{"allow":["GET"]}}],"collection":[{"href":"https:\/\/amenagementchartrand.com\/en\/wp-json\/wp\/v2\/product"}],"about":[{"href":"https:\/\/amenagementchartrand.com\/en\/wp-json\/wp\/v2\/types\/product"}],"replies":[{"embeddable":true,"href":"https:\/\/amenagementchartrand.com\/en\/wp-json\/wp\/v2\/comments?post=4189"}],"version-history":[{"count":5,"href":"https:\/\/amenagementchartrand.com\/en\/wp-json\/wp\/v2\/product\/4189\/revisions"}],"predecessor-version":[{"id":6792,"href":"https:\/\/amenagementchartrand.com\/en\/wp-json\/wp\/v2\/product\/4189\/revisions\/6792"}],"wp:featuredmedia":[{"embeddable":true,"href":"https:\/\/amenagementchartrand.com\/en\/wp-json\/wp\/v2\/media\/4103"}],"wp:attachment":[{"href":"https:\/\/amenagementchartrand.com\/en\/wp-json\/wp\/v2\/media?parent=4189"}],"wp:term":[{"taxonomy":"product_brand","embeddable":true,"href":"https:\/\/amenagementchartrand.com\/en\/wp-json\/wp\/v2\/product_brand?post=4189"},{"taxonomy":"product_cat","embeddable":true,"href":"https:\/\/amenagementchartrand.com\/en\/wp-json\/wp\/v2\/product_cat?post=4189"},{"taxonomy":"product_tag","embeddable":true,"href":"https:\/\/amenagementchartrand.com\/en\/wp-json\/wp\/v2\/product_tag?post=4189"}],"curies":[{"name":"wp","href":"https:\/\/api.w.org\/{rel}","templated":true}]}}