{"id":4181,"date":"2023-05-08T16:36:12","date_gmt":"2023-05-08T16:36:12","guid":{"rendered":"https:\/\/amenagementchartrand.com\/?post_type=product&#038;p=4181"},"modified":"2025-09-19T14:14:50","modified_gmt":"2025-09-19T18:14:50","slug":"blu-stone","status":"publish","type":"product","link":"https:\/\/amenagementchartrand.com\/en\/boutique\/blu-stone\/","title":{"rendered":"Blu Stone"},"content":{"rendered":"\t\t<div data-elementor-type=\"product-post\" data-elementor-id=\"4181\" class=\"elementor elementor-4181\" data-elementor-post-type=\"product\">\n\t\t\t\t<div class=\"elementor-element elementor-element-39b17dff e-flex e-con-boxed e-con e-parent\" data-id=\"39b17dff\" data-element_type=\"container\" data-e-type=\"container\">\n\t\t\t\t\t<div class=\"e-con-inner\">\n\t\t\t\t<div class=\"elementor-element elementor-element-6503e6f elementor-widget elementor-widget-text-editor\" data-id=\"6503e6f\" data-element_type=\"widget\" data-e-type=\"widget\" data-widget_type=\"text-editor.default\">\n\t\t\t\t<div class=\"elementor-widget-container\">\n\t\t\t\t\t\t\t\t\t<p>Blu Stone<\/p><p><strong>480$\/lot<\/strong><\/p><p>80 pi2<\/p><p>code : 025<\/p><p>Bureau: <a href=\"tel:4503774644\">450-377-4644<\/a><br \/>Courriel: <a href=\"mailto:admin@amenagementchartrand.com\">admin@amenagementchartrand.com<\/a><\/p>\t\t\t\t\t\t\t\t<\/div>\n\t\t\t\t<\/div>\n\t\t\t\t<div class=\"elementor-element elementor-element-6dc6f69 elementor-widget elementor-widget-html\" data-id=\"6dc6f69\" data-element_type=\"widget\" data-e-type=\"widget\" data-widget_type=\"html.default\">\n\t\t\t\t<div class=\"elementor-widget-container\">\n\t\t\t\t\t<script type=\"application\/ld+json\">\n{\n  \"@context\": \"https:\/\/schema.org\/\",\n  \"@type\": \"Product\",\n  \"name\": \"Blu Stone\",\n  \"description\": \"Le Blu Stone est une pierre naturelle d\u00e9corative d\u2019un bleu-gris \u00e9l\u00e9gant, reconnue pour sa robustesse et sa polyvalence en am\u00e9nagement ext\u00e9rieur. Son aspect unique entre bleu profond et gris offre un rendu contemporain et raffin\u00e9, id\u00e9al pour les terrasses, patios et all\u00e9es. Cette pierre calcaires aux finitions naturelles permet d\u2019apporter une touche min\u00e9rale chaleureuse tout en garantissant une excellente r\u00e9sistance aux intemp\u00e9ries et au gel. Facile \u00e0 entretenir, le Blu Stone s'int\u00e8gre parfaitement dans des projets paysagers m\u00ealant modernit\u00e9 et nature pour cr\u00e9er des espaces durables et esth\u00e9tiques.\",\n  \"image\": [\n    \"https:\/\/amenagementchartrand.com\/wp-content\/uploads\/2023\/05\/IMG_1879_web.jpg\"\n  ],\n  \"sku\": \"025\",\n  \"offers\": {\n    \"@type\": \"Offer\",\n    \"priceCurrency\": \"CAD\",\n    \"price\": \"480.00\",\n    \"priceValidUntil\": \"2025-12-31\",\n    \"url\": \"https:\/\/amenagementchartrand.com\/boutique\/blu-stone\/\",\n    \"itemCondition\": \"https:\/\/schema.org\/NewCondition\",\n    \"taxIncluded\": false\n  }\n}\n<\/script>\n\t\t\t\t<\/div>\n\t\t\t\t<\/div>\n\t\t\t\t\t<\/div>\n\t\t\t\t<\/div>\n\t\t\t\t<\/div>\n\t\t","protected":false},"excerpt":{"rendered":"<p>Blu Stone 480$\/lot 80 pi2 code : 025 Bureau: 450-377-4644Courriel: admin@amenagementchartrand.com<\/p>\n","protected":false},"featured_media":4097,"comment_status":"open","ping_status":"closed","template":"","meta":[],"product_brand":[],"product_cat":[34],"product_tag":[],"class_list":{"0":"post-4181","1":"product","2":"type-product","3":"status-publish","4":"has-post-thumbnail","6":"product_cat-coin-des-aubaines","8":"first","9":"instock","10":"taxable","11":"shipping-taxable","12":"purchasable","13":"product-type-simple"},"_links":{"self":[{"href":"https:\/\/amenagementchartrand.com\/en\/wp-json\/wp\/v2\/product\/4181","targetHints":{"allow":["GET"]}}],"collection":[{"href":"https:\/\/amenagementchartrand.com\/en\/wp-json\/wp\/v2\/product"}],"about":[{"href":"https:\/\/amenagementchartrand.com\/en\/wp-json\/wp\/v2\/types\/product"}],"replies":[{"embeddable":true,"href":"https:\/\/amenagementchartrand.com\/en\/wp-json\/wp\/v2\/comments?post=4181"}],"version-history":[{"count":4,"href":"https:\/\/amenagementchartrand.com\/en\/wp-json\/wp\/v2\/product\/4181\/revisions"}],"predecessor-version":[{"id":6716,"href":"https:\/\/amenagementchartrand.com\/en\/wp-json\/wp\/v2\/product\/4181\/revisions\/6716"}],"wp:featuredmedia":[{"embeddable":true,"href":"https:\/\/amenagementchartrand.com\/en\/wp-json\/wp\/v2\/media\/4097"}],"wp:attachment":[{"href":"https:\/\/amenagementchartrand.com\/en\/wp-json\/wp\/v2\/media?parent=4181"}],"wp:term":[{"taxonomy":"product_brand","embeddable":true,"href":"https:\/\/amenagementchartrand.com\/en\/wp-json\/wp\/v2\/product_brand?post=4181"},{"taxonomy":"product_cat","embeddable":true,"href":"https:\/\/amenagementchartrand.com\/en\/wp-json\/wp\/v2\/product_cat?post=4181"},{"taxonomy":"product_tag","embeddable":true,"href":"https:\/\/amenagementchartrand.com\/en\/wp-json\/wp\/v2\/product_tag?post=4181"}],"curies":[{"name":"wp","href":"https:\/\/api.w.org\/{rel}","templated":true}]}}