{"id":4179,"date":"2023-05-08T16:32:54","date_gmt":"2023-05-08T16:32:54","guid":{"rendered":"https:\/\/amenagementchartrand.com\/?post_type=product&#038;p=4179"},"modified":"2025-09-19T14:18:48","modified_gmt":"2025-09-19T18:18:48","slug":"bordure-rocka","status":"publish","type":"product","link":"https:\/\/amenagementchartrand.com\/en\/boutique\/bordure-rocka\/","title":{"rendered":"Bordure Rock\u00e4"},"content":{"rendered":"\t\t<div data-elementor-type=\"product-post\" data-elementor-id=\"4179\" class=\"elementor elementor-4179\" data-elementor-post-type=\"product\">\n\t\t\t\t<div class=\"elementor-element elementor-element-6e614d81 e-flex e-con-boxed e-con e-parent\" data-id=\"6e614d81\" data-element_type=\"container\" data-e-type=\"container\">\n\t\t\t\t\t<div class=\"e-con-inner\">\n\t\t\t\t<div class=\"elementor-element elementor-element-7cb4d46e elementor-widget elementor-widget-text-editor\" data-id=\"7cb4d46e\" data-element_type=\"widget\" data-e-type=\"widget\" data-widget_type=\"text-editor.default\">\n\t\t\t\t<div class=\"elementor-widget-container\">\n\t\t\t\t\t\t\t\t\t<p>Bordure Rock\u00e4<\/p><p><strong>250$\/lot<\/strong><\/p><p>13 pi2<\/p><p>code : 024<\/p><p>Bureau: <a href=\"tel:4503774644\">450-377-4644<\/a><br \/>Courriel: <a href=\"mailto:admin@amenagementchartrand.com\">admin@amenagementchartrand.com<\/a><\/p>\t\t\t\t\t\t\t\t<\/div>\n\t\t\t\t<\/div>\n\t\t\t\t<div class=\"elementor-element elementor-element-e01b96d elementor-widget elementor-widget-html\" data-id=\"e01b96d\" data-element_type=\"widget\" data-e-type=\"widget\" data-widget_type=\"html.default\">\n\t\t\t\t<div class=\"elementor-widget-container\">\n\t\t\t\t\t<script type=\"application\/ld+json\">\n{\n  \"@context\": \"https:\/\/schema.org\/\",\n  \"@type\": \"Product\",\n  \"name\": \"Bordure Rocka\",\n  \"description\": \"La bordure Rocka est constitu\u00e9e de dalles massives sculpt\u00e9es avec un aspect naturel remarquable, apportant robustesse et authenticit\u00e9 \u00e0 vos projets de terrassement. Son design rustique et polyvalent permet de cr\u00e9er des d\u00e9cors \u00e9l\u00e9gants et durables, que ce soit en bordure de plate-bande, all\u00e9e ou mur paysager. Facile \u00e0 installer, la bordure Rocka transforme les espaces ext\u00e9rieurs en v\u00e9ritables \u0153uvres d\u2019art min\u00e9rales, conjuguant esth\u00e9tique traditionnelle et fonctionnalit\u00e9.\",\n  \"image\": [\n    \"https:\/\/amenagementchartrand.com\/wp-content\/uploads\/2023\/05\/IMG_1877_web.jpg\"\n  ],\n  \"sku\": \"024\",\n  \"offers\": {\n    \"@type\": \"Offer\",\n    \"priceCurrency\": \"CAD\",\n    \"price\": \"250.00\",\n    \"priceValidUntil\": \"2025-12-31\",\n    \"url\": \"https:\/\/amenagementchartrand.com\/boutique\/bordure-rocka\/\",\n    \"itemCondition\": \"https:\/\/schema.org\/NewCondition\",\n    \"taxIncluded\": false\n  }\n}\n<\/script>\n\t\t\t\t<\/div>\n\t\t\t\t<\/div>\n\t\t\t\t\t<\/div>\n\t\t\t\t<\/div>\n\t\t\t\t<\/div>\n\t\t","protected":false},"excerpt":{"rendered":"<p>Bordure Rock\u00e4 250$\/lot 13 pi2 code : 024 Bureau: 450-377-4644Courriel: admin@amenagementchartrand.com<\/p>\n","protected":false},"featured_media":4095,"comment_status":"open","ping_status":"closed","template":"","meta":[],"product_brand":[],"product_cat":[34],"product_tag":[],"class_list":{"0":"post-4179","1":"product","2":"type-product","3":"status-publish","4":"has-post-thumbnail","6":"product_cat-coin-des-aubaines","8":"first","9":"instock","10":"taxable","11":"shipping-taxable","12":"purchasable","13":"product-type-simple"},"_links":{"self":[{"href":"https:\/\/amenagementchartrand.com\/en\/wp-json\/wp\/v2\/product\/4179","targetHints":{"allow":["GET"]}}],"collection":[{"href":"https:\/\/amenagementchartrand.com\/en\/wp-json\/wp\/v2\/product"}],"about":[{"href":"https:\/\/amenagementchartrand.com\/en\/wp-json\/wp\/v2\/types\/product"}],"replies":[{"embeddable":true,"href":"https:\/\/amenagementchartrand.com\/en\/wp-json\/wp\/v2\/comments?post=4179"}],"version-history":[{"count":4,"href":"https:\/\/amenagementchartrand.com\/en\/wp-json\/wp\/v2\/product\/4179\/revisions"}],"predecessor-version":[{"id":6722,"href":"https:\/\/amenagementchartrand.com\/en\/wp-json\/wp\/v2\/product\/4179\/revisions\/6722"}],"wp:featuredmedia":[{"embeddable":true,"href":"https:\/\/amenagementchartrand.com\/en\/wp-json\/wp\/v2\/media\/4095"}],"wp:attachment":[{"href":"https:\/\/amenagementchartrand.com\/en\/wp-json\/wp\/v2\/media?parent=4179"}],"wp:term":[{"taxonomy":"product_brand","embeddable":true,"href":"https:\/\/amenagementchartrand.com\/en\/wp-json\/wp\/v2\/product_brand?post=4179"},{"taxonomy":"product_cat","embeddable":true,"href":"https:\/\/amenagementchartrand.com\/en\/wp-json\/wp\/v2\/product_cat?post=4179"},{"taxonomy":"product_tag","embeddable":true,"href":"https:\/\/amenagementchartrand.com\/en\/wp-json\/wp\/v2\/product_tag?post=4179"}],"curies":[{"name":"wp","href":"https:\/\/api.w.org\/{rel}","templated":true}]}}