{"id":4173,"date":"2023-05-08T16:30:44","date_gmt":"2023-05-08T16:30:44","guid":{"rendered":"https:\/\/amenagementchartrand.com\/?post_type=product&#038;p=4173"},"modified":"2025-10-10T14:30:30","modified_gmt":"2025-10-10T18:30:30","slug":"muret-rivercrest","status":"publish","type":"product","link":"https:\/\/amenagementchartrand.com\/en\/boutique\/muret-rivercrest\/","title":{"rendered":"Muret Rivercrest"},"content":{"rendered":"\t\t<div data-elementor-type=\"product-post\" data-elementor-id=\"4173\" class=\"elementor elementor-4173\" data-elementor-post-type=\"product\">\n\t\t\t\t<div class=\"elementor-element elementor-element-37cb9424 e-flex e-con-boxed e-con e-parent\" data-id=\"37cb9424\" data-element_type=\"container\" data-e-type=\"container\">\n\t\t\t\t\t<div class=\"e-con-inner\">\n\t\t\t\t<div class=\"elementor-element elementor-element-2db9c8ac elementor-widget elementor-widget-text-editor\" data-id=\"2db9c8ac\" data-element_type=\"widget\" data-e-type=\"widget\" data-widget_type=\"text-editor.default\">\n\t\t\t\t<div class=\"elementor-widget-container\">\n\t\t\t\t\t\t\t\t\t<h5>Muret Rivercrest<\/h5><p><strong>315$\/lot<\/strong><\/p><p>21 pi2<\/p><p>code : 022<\/p><p>Bureau: <a href=\"tel:4503774644\">450-377-4644<\/a><br \/>Courriel: <a href=\"mailto:admin@amenagementchartrand.com\">admin@amenagementchartrand.com<\/a><\/p>\t\t\t\t\t\t\t\t<\/div>\n\t\t\t\t<\/div>\n\t\t\t\t<div class=\"elementor-element elementor-element-6ad39fc elementor-widget elementor-widget-html\" data-id=\"6ad39fc\" data-element_type=\"widget\" data-e-type=\"widget\" data-widget_type=\"html.default\">\n\t\t\t\t<div class=\"elementor-widget-container\">\n\t\t\t\t\t<script type=\"application\/ld+json\">\n{\n  \"@context\": \"https:\/\/schema.org\/\",\n  \"@type\": \"Product\",\n  \"name\": \"Muret Rivercrest\",\n  \"image\": [\n    \"https:\/\/amenagementchartrand.com\/wp-content\/uploads\/2023\/05\/IMG_1872_web.jpg\"\n  ],\n  \"description\": \"Le Muret Rivercrest d\u2019Am\u00e9nagement Chartrand est un syst\u00e8me de muret en b\u00e9ton qui imite avec r\u00e9alisme l\u2019aspect du ledgestone naturel. Durable, polyvalent et facile \u00e0 installer, il est id\u00e9al pour la cr\u00e9ation de murs, bordures et \u00e9l\u00e9ments paysagers ext\u00e9rieurs r\u00e9sidentiels ou commerciaux. Son design permet un am\u00e9nagement naturel, avec la flexibilit\u00e9 de courbes et de formes vari\u00e9es, tout en offrant la robustesse et la qualit\u00e9 recherch\u00e9es au Qu\u00e9bec.\",\n  \"sku\": \"022\",\n  \"brand\": {\n    \"@type\": \"Organization\",\n    \"name\": \"Am\u00e9nagement Chartrand\",\n    \"url\": \"https:\/\/amenagementchartrand.com\",\n    \"telephone\": \"+1-450-377-4644\",\n    \"address\": {\n      \"@type\": \"PostalAddress\",\n      \"streetAddress\": \"527 Bd Pie-XII\",\n      \"addressLocality\": \"Salaberry-de-Valleyfield\",\n      \"addressRegion\": \"QC\",\n      \"postalCode\": \"J6S 6P7\",\n      \"addressCountry\": \"CA\"\n    },\n    \"image\": \"https:\/\/amenagementchartrand.com\/wp-content\/uploads\/2023\/05\/IMG_1872_web.jpg\"\n  },\n  \"offers\": {\n    \"@type\": \"Offer\",\n    \"url\": \"https:\/\/amenagementchartrand.com\/boutique\/muret-rivercrest\/\",\n    \"priceCurrency\": \"CAD\",\n    \"price\": \"315.00\",\n    \"availability\": \"http:\/\/schema.org\/InStock\",\n    \"seller\": {\n      \"@type\": \"Organization\",\n      \"name\": \"Am\u00e9nagement Chartrand\",\n      \"url\": \"https:\/\/amenagementchartrand.com\"\n    }\n  }\n}\n<\/script>\n\t\t\t\t<\/div>\n\t\t\t\t<\/div>\n\t\t\t\t\t<\/div>\n\t\t\t\t<\/div>\n\t\t\t\t<\/div>\n\t\t","protected":false},"excerpt":{"rendered":"<p>Muret Rivercrest 315$\/lot 21 pi2 code : 022 Bureau: 450-377-4644Courriel: admin@amenagementchartrand.com<\/p>\n","protected":false},"featured_media":4091,"comment_status":"open","ping_status":"closed","template":"","meta":[],"product_brand":[],"product_cat":[34],"product_tag":[],"class_list":{"0":"post-4173","1":"product","2":"type-product","3":"status-publish","4":"has-post-thumbnail","6":"product_cat-coin-des-aubaines","8":"first","9":"instock","10":"taxable","11":"shipping-taxable","12":"purchasable","13":"product-type-simple"},"_links":{"self":[{"href":"https:\/\/amenagementchartrand.com\/en\/wp-json\/wp\/v2\/product\/4173","targetHints":{"allow":["GET"]}}],"collection":[{"href":"https:\/\/amenagementchartrand.com\/en\/wp-json\/wp\/v2\/product"}],"about":[{"href":"https:\/\/amenagementchartrand.com\/en\/wp-json\/wp\/v2\/types\/product"}],"replies":[{"embeddable":true,"href":"https:\/\/amenagementchartrand.com\/en\/wp-json\/wp\/v2\/comments?post=4173"}],"version-history":[{"count":4,"href":"https:\/\/amenagementchartrand.com\/en\/wp-json\/wp\/v2\/product\/4173\/revisions"}],"predecessor-version":[{"id":6795,"href":"https:\/\/amenagementchartrand.com\/en\/wp-json\/wp\/v2\/product\/4173\/revisions\/6795"}],"wp:featuredmedia":[{"embeddable":true,"href":"https:\/\/amenagementchartrand.com\/en\/wp-json\/wp\/v2\/media\/4091"}],"wp:attachment":[{"href":"https:\/\/amenagementchartrand.com\/en\/wp-json\/wp\/v2\/media?parent=4173"}],"wp:term":[{"taxonomy":"product_brand","embeddable":true,"href":"https:\/\/amenagementchartrand.com\/en\/wp-json\/wp\/v2\/product_brand?post=4173"},{"taxonomy":"product_cat","embeddable":true,"href":"https:\/\/amenagementchartrand.com\/en\/wp-json\/wp\/v2\/product_cat?post=4173"},{"taxonomy":"product_tag","embeddable":true,"href":"https:\/\/amenagementchartrand.com\/en\/wp-json\/wp\/v2\/product_tag?post=4173"}],"curies":[{"name":"wp","href":"https:\/\/api.w.org\/{rel}","templated":true}]}}