{"id":4170,"date":"2023-05-08T16:29:47","date_gmt":"2023-05-08T16:29:47","guid":{"rendered":"https:\/\/amenagementchartrand.com\/?post_type=product&#038;p=4170"},"modified":"2025-10-10T14:33:52","modified_gmt":"2025-10-10T18:33:52","slug":"muret-rivercrest-colonnes","status":"publish","type":"product","link":"https:\/\/amenagementchartrand.com\/en\/boutique\/muret-rivercrest-colonnes\/","title":{"rendered":"Muret Rivercrest colonnes"},"content":{"rendered":"\t\t<div data-elementor-type=\"product-post\" data-elementor-id=\"4170\" class=\"elementor elementor-4170\" data-elementor-post-type=\"product\">\n\t\t\t\t<div class=\"elementor-element elementor-element-752da346 e-flex e-con-boxed e-con e-parent\" data-id=\"752da346\" data-element_type=\"container\" data-e-type=\"container\">\n\t\t\t\t\t<div class=\"e-con-inner\">\n\t\t\t\t<div class=\"elementor-element elementor-element-5036e0f2 elementor-widget elementor-widget-text-editor\" data-id=\"5036e0f2\" data-element_type=\"widget\" data-e-type=\"widget\" data-widget_type=\"text-editor.default\">\n\t\t\t\t<div class=\"elementor-widget-container\">\n\t\t\t\t\t\t\t\t\t<p><strong>30$\/tot<\/strong><\/p><p>code : 021<\/p><p>Bureau: <a href=\"tel:4503774644\">450-377-4644<\/a><br \/>Courriel: <a href=\"mailto:admin@amenagementchartrand.com\">admin@amenagementchartrand.com<\/a><\/p>\t\t\t\t\t\t\t\t<\/div>\n\t\t\t\t<\/div>\n\t\t\t\t<div class=\"elementor-element elementor-element-3ba2ff3 elementor-widget elementor-widget-html\" data-id=\"3ba2ff3\" data-element_type=\"widget\" data-e-type=\"widget\" data-widget_type=\"html.default\">\n\t\t\t\t<div class=\"elementor-widget-container\">\n\t\t\t\t\t<script type=\"application\/ld+json\">\n{\n  \"@context\": \"https:\/\/schema.org\/\",\n  \"@type\": \"Product\",\n  \"name\": \"Colonnes de muret Rivercrest Brandon\",\n  \"image\": [\n    \"https:\/\/amenagementchartrand.com\/wp-content\/uploads\/2023\/05\/IMG_1870_web.jpg\"\n  ],\n  \"description\": \"Les colonnes de muret Rivercrest Brandon d\u2019Am\u00e9nagement Chartrand apportent une allure naturelle d'ardoise us\u00e9e et une tr\u00e8s grande durabilit\u00e9 \u00e0 vos am\u00e9nagements ext\u00e9rieurs r\u00e9sidentiels et commerciaux. Id\u00e9ales pour cr\u00e9er des \u00e9l\u00e9ments de jardin, des piliers, des murs courbes ou droits, ces colonnes sont con\u00e7ues en b\u00e9ton manufactur\u00e9, facile \u00e0 installer, et rehaussent le charme des espaces paysagers. Adapt\u00e9es aux projets au Qu\u00e9bec, elles sont parfaites pour les agencements modulaires incluant murets, jardins, entr\u00e9es et bordures d\u00e9coratives.\",\n  \"sku\": \"021\",\n  \"brand\": {\n    \"@type\": \"Organization\",\n    \"name\": \"Am\u00e9nagement Chartrand\",\n    \"url\": \"https:\/\/amenagementchartrand.com\",\n    \"telephone\": \"+1-450-377-4644\",\n    \"address\": {\n      \"@type\": \"PostalAddress\",\n      \"streetAddress\": \"527 Bd Pie-XII\",\n      \"addressLocality\": \"Salaberry-de-Valleyfield\",\n      \"addressRegion\": \"QC\",\n      \"postalCode\": \"J6S 6P7\",\n      \"addressCountry\": \"CA\"\n    },\n    \"image\": \"https:\/\/amenagementchartrand.com\/wp-content\/uploads\/2023\/05\/IMG_1870_web.jpg\"\n  },\n  \"offers\": {\n    \"@type\": \"Offer\",\n    \"url\": \"https:\/\/amenagementchartrand.com\/boutique\/muret-rivercrest-colonnes\/\",\n    \"priceCurrency\": \"CAD\",\n    \"price\": \"30.00\",\n    \"availability\": \"http:\/\/schema.org\/InStock\",\n    \"seller\": {\n      \"@type\": \"Organization\",\n      \"name\": \"Am\u00e9nagement Chartrand\",\n      \"url\": \"https:\/\/amenagementchartrand.com\"\n    }\n  }\n}\n<\/script>\n\t\t\t\t<\/div>\n\t\t\t\t<\/div>\n\t\t\t\t\t<\/div>\n\t\t\t\t<\/div>\n\t\t\t\t<\/div>\n\t\t","protected":false},"excerpt":{"rendered":"<p>30$\/tot code : 021 Bureau: 450-377-4644Courriel: admin@amenagementchartrand.com<\/p>\n","protected":false},"featured_media":4089,"comment_status":"open","ping_status":"closed","template":"","meta":[],"product_brand":[],"product_cat":[34],"product_tag":[],"class_list":{"0":"post-4170","1":"product","2":"type-product","3":"status-publish","4":"has-post-thumbnail","6":"product_cat-coin-des-aubaines","8":"first","9":"instock","10":"taxable","11":"shipping-taxable","12":"purchasable","13":"product-type-simple"},"_links":{"self":[{"href":"https:\/\/amenagementchartrand.com\/en\/wp-json\/wp\/v2\/product\/4170","targetHints":{"allow":["GET"]}}],"collection":[{"href":"https:\/\/amenagementchartrand.com\/en\/wp-json\/wp\/v2\/product"}],"about":[{"href":"https:\/\/amenagementchartrand.com\/en\/wp-json\/wp\/v2\/types\/product"}],"replies":[{"embeddable":true,"href":"https:\/\/amenagementchartrand.com\/en\/wp-json\/wp\/v2\/comments?post=4170"}],"version-history":[{"count":3,"href":"https:\/\/amenagementchartrand.com\/en\/wp-json\/wp\/v2\/product\/4170\/revisions"}],"predecessor-version":[{"id":6799,"href":"https:\/\/amenagementchartrand.com\/en\/wp-json\/wp\/v2\/product\/4170\/revisions\/6799"}],"wp:featuredmedia":[{"embeddable":true,"href":"https:\/\/amenagementchartrand.com\/en\/wp-json\/wp\/v2\/media\/4089"}],"wp:attachment":[{"href":"https:\/\/amenagementchartrand.com\/en\/wp-json\/wp\/v2\/media?parent=4170"}],"wp:term":[{"taxonomy":"product_brand","embeddable":true,"href":"https:\/\/amenagementchartrand.com\/en\/wp-json\/wp\/v2\/product_brand?post=4170"},{"taxonomy":"product_cat","embeddable":true,"href":"https:\/\/amenagementchartrand.com\/en\/wp-json\/wp\/v2\/product_cat?post=4170"},{"taxonomy":"product_tag","embeddable":true,"href":"https:\/\/amenagementchartrand.com\/en\/wp-json\/wp\/v2\/product_tag?post=4170"}],"curies":[{"name":"wp","href":"https:\/\/api.w.org\/{rel}","templated":true}]}}