{"id":4168,"date":"2023-05-08T16:28:13","date_gmt":"2023-05-08T16:28:13","guid":{"rendered":"https:\/\/amenagementchartrand.com\/?post_type=product&#038;p=4168"},"modified":"2025-09-19T14:11:15","modified_gmt":"2025-09-19T18:11:15","slug":"ardoise-rouge-et-grise","status":"publish","type":"product","link":"https:\/\/amenagementchartrand.com\/en\/boutique\/ardoise-rouge-et-grise\/","title":{"rendered":"Ardoise rouge et grise"},"content":{"rendered":"\t\t<div data-elementor-type=\"product-post\" data-elementor-id=\"4168\" class=\"elementor elementor-4168\" data-elementor-post-type=\"product\">\n\t\t\t\t<div class=\"elementor-element elementor-element-2894b55 e-flex e-con-boxed e-con e-parent\" data-id=\"2894b55\" data-element_type=\"container\" data-e-type=\"container\">\n\t\t\t\t\t<div class=\"e-con-inner\">\n\t\t\t\t<div class=\"elementor-element elementor-element-1892bcec elementor-widget elementor-widget-text-editor\" data-id=\"1892bcec\" data-element_type=\"widget\" data-e-type=\"widget\" data-widget_type=\"text-editor.default\">\n\t\t\t\t<div class=\"elementor-widget-container\">\n\t\t\t\t\t\t\t\t\t<p>Ardoise rouge et grise<\/p><p><strong>400$\/lot<\/strong><\/p><p>84 pi2<\/p><p>code : 020<\/p><p>Bureau: <a href=\"tel:4503774644\">450-377-4644<\/a><br \/>Courriel: <a href=\"mailto:admin@amenagementchartrand.com\">admin@amenagementchartrand.com<\/a><\/p>\t\t\t\t\t\t\t\t<\/div>\n\t\t\t\t<\/div>\n\t\t\t\t\t<\/div>\n\t\t\t\t<\/div>\n\t\t<div class=\"elementor-element elementor-element-9044f8d e-flex e-con-boxed e-con e-parent\" data-id=\"9044f8d\" data-element_type=\"container\" data-e-type=\"container\">\n\t\t\t\t\t<div class=\"e-con-inner\">\n\t\t\t\t<div class=\"elementor-element elementor-element-5ff8c58 elementor-widget elementor-widget-html\" data-id=\"5ff8c58\" data-element_type=\"widget\" data-e-type=\"widget\" data-widget_type=\"html.default\">\n\t\t\t\t<div class=\"elementor-widget-container\">\n\t\t\t\t\t<script type=\"application\/ld+json\">\n{\n  \"@context\": \"https:\/\/schema.org\/\",\n  \"@type\": \"Product\",\n  \"name\": \"Ardoise rouge et grise\",\n  \"description\": \"L'ardoise rouge et grise est une pierre naturelle m\u00e9tamorphique qui allie chaleur et \u00e9l\u00e9gance avec ses nuances rouge\u00e2tres et grises. Id\u00e9ale pour les projets d'am\u00e9nagement paysager, elle apporte une touche distinctive aux all\u00e9es, patios et murs d\u00e9coratifs, tout en offrant une durabilit\u00e9 exceptionnelle. Sa texture fine et sa robustesse en font un mat\u00e9riau appr\u00e9ci\u00e9 pour l\u2019ext\u00e9rieur, garantissant une r\u00e9sistance optimale aux intemp\u00e9ries. Cette pierre d\u00e9corative s\u2019int\u00e8gre parfaitement tant dans les styles traditionnels que contemporains, embellissant les espaces verts avec une palette de couleurs naturelles uniques.\",\n  \"image\": [\n    \"https:\/\/amenagementchartrand.com\/wp-content\/uploads\/2023\/05\/IMG_1868_web.jpg\"\n  ],\n  \"sku\": \"020\",\n  \"offers\": {\n    \"@type\": \"Offer\",\n    \"priceCurrency\": \"CAD\",\n    \"price\": \"400.00\",\n    \"priceValidUntil\": \"2025-12-31\",\n    \"url\": \"https:\/\/amenagementchartrand.com\/boutique\/ardoise-rouge-et-grise\/\",\n    \"itemCondition\": \"https:\/\/schema.org\/NewCondition\",\n    \"taxIncluded\": false\n  }\n}\n<\/script>\n\t\t\t\t<\/div>\n\t\t\t\t<\/div>\n\t\t\t\t\t<\/div>\n\t\t\t\t<\/div>\n\t\t\t\t<\/div>\n\t\t","protected":false},"excerpt":{"rendered":"<p>Ardoise rouge et grise 400$\/lot 84 pi2 code : 020 Bureau: 450-377-4644Courriel: admin@amenagementchartrand.com<\/p>\n","protected":false},"featured_media":4087,"comment_status":"open","ping_status":"closed","template":"","meta":[],"product_brand":[],"product_cat":[34],"product_tag":[],"class_list":{"0":"post-4168","1":"product","2":"type-product","3":"status-publish","4":"has-post-thumbnail","6":"product_cat-coin-des-aubaines","8":"first","9":"instock","10":"taxable","11":"shipping-taxable","12":"purchasable","13":"product-type-simple"},"_links":{"self":[{"href":"https:\/\/amenagementchartrand.com\/en\/wp-json\/wp\/v2\/product\/4168","targetHints":{"allow":["GET"]}}],"collection":[{"href":"https:\/\/amenagementchartrand.com\/en\/wp-json\/wp\/v2\/product"}],"about":[{"href":"https:\/\/amenagementchartrand.com\/en\/wp-json\/wp\/v2\/types\/product"}],"replies":[{"embeddable":true,"href":"https:\/\/amenagementchartrand.com\/en\/wp-json\/wp\/v2\/comments?post=4168"}],"version-history":[{"count":5,"href":"https:\/\/amenagementchartrand.com\/en\/wp-json\/wp\/v2\/product\/4168\/revisions"}],"predecessor-version":[{"id":6713,"href":"https:\/\/amenagementchartrand.com\/en\/wp-json\/wp\/v2\/product\/4168\/revisions\/6713"}],"wp:featuredmedia":[{"embeddable":true,"href":"https:\/\/amenagementchartrand.com\/en\/wp-json\/wp\/v2\/media\/4087"}],"wp:attachment":[{"href":"https:\/\/amenagementchartrand.com\/en\/wp-json\/wp\/v2\/media?parent=4168"}],"wp:term":[{"taxonomy":"product_brand","embeddable":true,"href":"https:\/\/amenagementchartrand.com\/en\/wp-json\/wp\/v2\/product_brand?post=4168"},{"taxonomy":"product_cat","embeddable":true,"href":"https:\/\/amenagementchartrand.com\/en\/wp-json\/wp\/v2\/product_cat?post=4168"},{"taxonomy":"product_tag","embeddable":true,"href":"https:\/\/amenagementchartrand.com\/en\/wp-json\/wp\/v2\/product_tag?post=4168"}],"curies":[{"name":"wp","href":"https:\/\/api.w.org\/{rel}","templated":true}]}}