{"id":4166,"date":"2023-05-08T16:27:05","date_gmt":"2023-05-08T16:27:05","guid":{"rendered":"https:\/\/amenagementchartrand.com\/?post_type=product&#038;p=4166"},"modified":"2025-09-19T14:33:00","modified_gmt":"2025-09-19T18:33:00","slug":"dalle-aberdeen","status":"publish","type":"product","link":"https:\/\/amenagementchartrand.com\/en\/boutique\/dalle-aberdeen\/","title":{"rendered":"Dalle Aberdeen 30&#215;30"},"content":{"rendered":"\t\t<div data-elementor-type=\"product-post\" data-elementor-id=\"4166\" class=\"elementor elementor-4166\" data-elementor-post-type=\"product\">\n\t\t\t\t<div class=\"elementor-element elementor-element-399d07d4 e-flex e-con-boxed e-con e-parent\" data-id=\"399d07d4\" data-element_type=\"container\" data-e-type=\"container\">\n\t\t\t\t\t<div class=\"e-con-inner\">\n\t\t\t\t<div class=\"elementor-element elementor-element-70914cd elementor-widget elementor-widget-text-editor\" data-id=\"70914cd\" data-element_type=\"widget\" data-e-type=\"widget\" data-widget_type=\"text-editor.default\">\n\t\t\t\t<div class=\"elementor-widget-container\">\n\t\t\t\t\t\t\t\t\t<h5>Dalle Aberdeen 30&#215;30<\/h5><p><strong>60$\/chacun<\/strong><\/p><p>Qt\u00e9 : 4<\/p><p>code : 019<\/p><p>Bureau: <a href=\"tel:4503774644\">450-377-4644<\/a><br \/>Courriel: <a href=\"mailto:admin@amenagementchartrand.com\">admin@amenagementchartrand.com<\/a><\/p>\t\t\t\t\t\t\t\t<\/div>\n\t\t\t\t<\/div>\n\t\t\t\t<div class=\"elementor-element elementor-element-7f1e56e elementor-widget elementor-widget-html\" data-id=\"7f1e56e\" data-element_type=\"widget\" data-e-type=\"widget\" data-widget_type=\"html.default\">\n\t\t\t\t<div class=\"elementor-widget-container\">\n\t\t\t\t\t<script type=\"application\/ld+json\">\n{\n  \"@context\": \"https:\/\/schema.org\/\",\n  \"@type\": \"Product\",\n  \"name\": \"Dalle Aberdeen 30x30\",\n  \"description\": \"La dalle Aberdeen 30x30 pr\u00e9sente un magnifique fini gris naturel avec une texture riche rappelant l\u2019ardoise. Parfaite pour sublimer vos am\u00e9nagements ext\u00e9rieurs, elle apporte une touche haut de gamme \u00e0 vos patios, all\u00e9es et contours de piscine. Dot\u00e9e de la technologie Klean-Bloc, elle b\u00e9n\u00e9ficie d\u2019une protection accrue contre l\u2019usure quotidienne, assurant ainsi une durabilit\u00e9 et une beaut\u00e9 durables. Facile \u00e0 installer, cette dalle combine esth\u00e9tique et fonctionnalit\u00e9 pour les projets r\u00e9sidentiels et commerciaux.\",\n  \"image\": [\n    \"https:\/\/amenagementchartrand.com\/wp-content\/uploads\/2023\/05\/IMG_1866_web.jpg\"\n  ],\n  \"sku\": \"019\",\n  \"offers\": {\n    \"@type\": \"Offer\",\n    \"priceCurrency\": \"CAD\",\n    \"price\": \"60.00\",\n    \"priceValidUntil\": \"2025-12-31\",\n    \"url\": \"https:\/\/amenagementchartrand.com\/boutique\/dalle-aberdeen\/\",\n    \"itemCondition\": \"https:\/\/schema.org\/NewCondition\",\n    \"taxIncluded\": false\n  }\n}\n<\/script>\n\t\t\t\t<\/div>\n\t\t\t\t<\/div>\n\t\t\t\t\t<\/div>\n\t\t\t\t<\/div>\n\t\t\t\t<\/div>\n\t\t","protected":false},"excerpt":{"rendered":"<p>Dalle Aberdeen 30&#215;30 60$\/chacun Qt\u00e9 : 4 code : 019 Bureau: 450-377-4644Courriel: admin@amenagementchartrand.com<\/p>\n","protected":false},"featured_media":4085,"comment_status":"open","ping_status":"closed","template":"","meta":[],"product_brand":[],"product_cat":[34],"product_tag":[],"class_list":{"0":"post-4166","1":"product","2":"type-product","3":"status-publish","4":"has-post-thumbnail","6":"product_cat-coin-des-aubaines","8":"first","9":"instock","10":"taxable","11":"shipping-taxable","12":"purchasable","13":"product-type-simple"},"_links":{"self":[{"href":"https:\/\/amenagementchartrand.com\/en\/wp-json\/wp\/v2\/product\/4166","targetHints":{"allow":["GET"]}}],"collection":[{"href":"https:\/\/amenagementchartrand.com\/en\/wp-json\/wp\/v2\/product"}],"about":[{"href":"https:\/\/amenagementchartrand.com\/en\/wp-json\/wp\/v2\/types\/product"}],"replies":[{"embeddable":true,"href":"https:\/\/amenagementchartrand.com\/en\/wp-json\/wp\/v2\/comments?post=4166"}],"version-history":[{"count":6,"href":"https:\/\/amenagementchartrand.com\/en\/wp-json\/wp\/v2\/product\/4166\/revisions"}],"predecessor-version":[{"id":6734,"href":"https:\/\/amenagementchartrand.com\/en\/wp-json\/wp\/v2\/product\/4166\/revisions\/6734"}],"wp:featuredmedia":[{"embeddable":true,"href":"https:\/\/amenagementchartrand.com\/en\/wp-json\/wp\/v2\/media\/4085"}],"wp:attachment":[{"href":"https:\/\/amenagementchartrand.com\/en\/wp-json\/wp\/v2\/media?parent=4166"}],"wp:term":[{"taxonomy":"product_brand","embeddable":true,"href":"https:\/\/amenagementchartrand.com\/en\/wp-json\/wp\/v2\/product_brand?post=4166"},{"taxonomy":"product_cat","embeddable":true,"href":"https:\/\/amenagementchartrand.com\/en\/wp-json\/wp\/v2\/product_cat?post=4166"},{"taxonomy":"product_tag","embeddable":true,"href":"https:\/\/amenagementchartrand.com\/en\/wp-json\/wp\/v2\/product_tag?post=4166"}],"curies":[{"name":"wp","href":"https:\/\/api.w.org\/{rel}","templated":true}]}}