{"id":4160,"date":"2023-05-08T16:25:04","date_gmt":"2023-05-08T16:25:04","guid":{"rendered":"https:\/\/amenagementchartrand.com\/?post_type=product&#038;p=4160"},"modified":"2025-09-19T14:35:04","modified_gmt":"2025-09-19T18:35:04","slug":"dalle-grisee-blu-nickel","status":"publish","type":"product","link":"https:\/\/amenagementchartrand.com\/en\/boutique\/dalle-grisee-blu-nickel\/","title":{"rendered":"Dalle Blu Nickel gris\u00e9"},"content":{"rendered":"\t\t<div data-elementor-type=\"product-post\" data-elementor-id=\"4160\" class=\"elementor elementor-4160\" data-elementor-post-type=\"product\">\n\t\t\t\t<div class=\"elementor-element elementor-element-7906d011 e-flex e-con-boxed e-con e-parent\" data-id=\"7906d011\" data-element_type=\"container\" data-e-type=\"container\">\n\t\t\t\t\t<div class=\"e-con-inner\">\n\t\t\t\t<div class=\"elementor-element elementor-element-4fa38887 elementor-widget elementor-widget-text-editor\" data-id=\"4fa38887\" data-element_type=\"widget\" data-e-type=\"widget\" data-widget_type=\"text-editor.default\">\n\t\t\t\t<div class=\"elementor-widget-container\">\n\t\t\t\t\t\t\t\t\t<h5 class=\"serp-title\"><span style=\"color: #333333;\">Dalle gris\u00e9e\u00a0Blu Nickel<\/span><\/h5><p><strong>100$\/lot<\/strong><\/p><p>code : 017<\/p><p>Bureau: <a href=\"tel:4503774644\">450-377-4644<\/a><br \/>Courriel: <a href=\"mailto:admin@amenagementchartrand.com\">admin@amenagementchartrand.com<\/a><\/p>\t\t\t\t\t\t\t\t<\/div>\n\t\t\t\t<\/div>\n\t\t\t\t<div class=\"elementor-element elementor-element-d86f1e2 elementor-widget elementor-widget-html\" data-id=\"d86f1e2\" data-element_type=\"widget\" data-e-type=\"widget\" data-widget_type=\"html.default\">\n\t\t\t\t<div class=\"elementor-widget-container\">\n\t\t\t\t\t<script type=\"application\/ld+json\">\n{\n  \"@context\": \"https:\/\/schema.org\/\",\n  \"@type\": \"Product\",\n  \"name\": \"Dalle gris\u00e9e Blu Nickel\",\n  \"description\": \"La dalle Blu Nickel gris\u00e9e se distingue par son fini lisse et \u00e9l\u00e9gant, id\u00e9al pour les am\u00e9nagements ext\u00e9rieurs modernes. Avec une surface qui allie esth\u00e9tique et s\u00e9curit\u00e9 gr\u00e2ce \u00e0 sa texture l\u00e9g\u00e8rement rugueuse, elle \u00e9vite les glissades m\u00eame lorsqu'elle est mouill\u00e9e. Parfaite pour les patios, terrasses et all\u00e9es, cette dalle robuste offre une durabilit\u00e9 exceptionnelle et un design contemporain, rehaussant l'apparence de vos espaces ext\u00e9rieurs.\",\n  \"image\": [\n    \"https:\/\/amenagementchartrand.com\/wp-content\/uploads\/2023\/05\/IMG_1862_web.jpg\"\n  ],\n  \"sku\": \"017\",\n  \"offers\": {\n    \"@type\": \"Offer\",\n    \"priceCurrency\": \"CAD\",\n    \"price\": \"100.00\",\n    \"priceValidUntil\": \"2025-12-31\",\n    \"url\": \"https:\/\/amenagementchartrand.com\/boutique\/dalle-grisee-blu-nickel\/\",\n    \"itemCondition\": \"https:\/\/schema.org\/NewCondition\",\n    \"taxIncluded\": false\n  }\n}\n<\/script>\n\t\t\t\t<\/div>\n\t\t\t\t<\/div>\n\t\t\t\t\t<\/div>\n\t\t\t\t<\/div>\n\t\t\t\t<\/div>\n\t\t","protected":false},"excerpt":{"rendered":"<p>Dalle gris\u00e9e\u00a0Blu Nickel 100$\/lot code : 017 Bureau: 450-377-4644Courriel: admin@amenagementchartrand.com<\/p>\n","protected":false},"featured_media":4081,"comment_status":"open","ping_status":"closed","template":"","meta":[],"product_brand":[],"product_cat":[34],"product_tag":[],"class_list":{"0":"post-4160","1":"product","2":"type-product","3":"status-publish","4":"has-post-thumbnail","6":"product_cat-coin-des-aubaines","8":"first","9":"instock","10":"taxable","11":"shipping-taxable","12":"purchasable","13":"product-type-simple"},"_links":{"self":[{"href":"https:\/\/amenagementchartrand.com\/en\/wp-json\/wp\/v2\/product\/4160","targetHints":{"allow":["GET"]}}],"collection":[{"href":"https:\/\/amenagementchartrand.com\/en\/wp-json\/wp\/v2\/product"}],"about":[{"href":"https:\/\/amenagementchartrand.com\/en\/wp-json\/wp\/v2\/types\/product"}],"replies":[{"embeddable":true,"href":"https:\/\/amenagementchartrand.com\/en\/wp-json\/wp\/v2\/comments?post=4160"}],"version-history":[{"count":5,"href":"https:\/\/amenagementchartrand.com\/en\/wp-json\/wp\/v2\/product\/4160\/revisions"}],"predecessor-version":[{"id":6737,"href":"https:\/\/amenagementchartrand.com\/en\/wp-json\/wp\/v2\/product\/4160\/revisions\/6737"}],"wp:featuredmedia":[{"embeddable":true,"href":"https:\/\/amenagementchartrand.com\/en\/wp-json\/wp\/v2\/media\/4081"}],"wp:attachment":[{"href":"https:\/\/amenagementchartrand.com\/en\/wp-json\/wp\/v2\/media?parent=4160"}],"wp:term":[{"taxonomy":"product_brand","embeddable":true,"href":"https:\/\/amenagementchartrand.com\/en\/wp-json\/wp\/v2\/product_brand?post=4160"},{"taxonomy":"product_cat","embeddable":true,"href":"https:\/\/amenagementchartrand.com\/en\/wp-json\/wp\/v2\/product_cat?post=4160"},{"taxonomy":"product_tag","embeddable":true,"href":"https:\/\/amenagementchartrand.com\/en\/wp-json\/wp\/v2\/product_tag?post=4160"}],"curies":[{"name":"wp","href":"https:\/\/api.w.org\/{rel}","templated":true}]}}