{"id":4157,"date":"2023-05-08T16:23:08","date_gmt":"2023-05-08T16:23:08","guid":{"rendered":"https:\/\/amenagementchartrand.com\/?post_type=product&#038;p=4157"},"modified":"2025-10-10T13:55:17","modified_gmt":"2025-10-10T17:55:17","slug":"marche-celtik","status":"publish","type":"product","link":"https:\/\/amenagementchartrand.com\/en\/boutique\/marche-celtik\/","title":{"rendered":"Marche Celtik"},"content":{"rendered":"\t\t<div data-elementor-type=\"product-post\" data-elementor-id=\"4157\" class=\"elementor elementor-4157\" data-elementor-post-type=\"product\">\n\t\t\t\t<div class=\"elementor-element elementor-element-4c084c17 e-flex e-con-boxed e-con e-parent\" data-id=\"4c084c17\" data-element_type=\"container\" data-e-type=\"container\">\n\t\t\t\t\t<div class=\"e-con-inner\">\n\t\t\t\t<div class=\"elementor-element elementor-element-49b02c0b elementor-widget elementor-widget-text-editor\" data-id=\"49b02c0b\" data-element_type=\"widget\" data-e-type=\"widget\" data-widget_type=\"text-editor.default\">\n\t\t\t\t<div class=\"elementor-widget-container\">\n\t\t\t\t\t\t\t\t\t<h5>Marche Celtik<\/h5><p><strong>150$\/lot<\/strong><\/p><p>16 pied lin\u00e9raire<\/p><p>code : 016<\/p><p>Bureau: <a href=\"tel:4503774644\">450-377-4644<\/a><br \/>Courriel: <a href=\"mailto:admin@amenagementchartrand.com\">admin@amenagementchartrand.com<\/a><\/p>\t\t\t\t\t\t\t\t<\/div>\n\t\t\t\t<\/div>\n\t\t\t\t<div class=\"elementor-element elementor-element-2a04f79 elementor-widget elementor-widget-html\" data-id=\"2a04f79\" data-element_type=\"widget\" data-e-type=\"widget\" data-widget_type=\"html.default\">\n\t\t\t\t<div class=\"elementor-widget-container\">\n\t\t\t\t\t<script type=\"application\/ld+json\">\n{\n  \"@context\": \"https:\/\/schema.org\/\",\n  \"@type\": \"Product\",\n  \"name\": \"Marche Celtik\",\n  \"description\": \"La marche Celtik, avec sa texture cisel\u00e9e et son design sobre, apporte une \u00e9l\u00e9gance naturelle \u00e0 tout am\u00e9nagement paysager. Con\u00e7ue pour compl\u00e9ter les murets Celtik, elle offre une apparence raffin\u00e9e et intemporelle. Robuste et r\u00e9sistante au gel, elle est id\u00e9ale pour les entr\u00e9es, escaliers et jardins, s\u2019harmonisant ais\u00e9ment \u00e0 une vari\u00e9t\u00e9 de styles ext\u00e9rieurs. Dimensions approximatives : 90 x 385 x 400 mm. Optez pour la qualit\u00e9 et la durabilit\u00e9 Permacon afin d'assurer la long\u00e9vit\u00e9 de vos am\u00e9nagements paysagers.\",\n  \"image\": [\n    \"https:\/\/amenagementchartrand.com\/wp-content\/uploads\/2023\/05\/IMG_1889_web.jpg\"\n  ],\n  \"sku\": \"016\",\n  \"offers\": {\n    \"@type\": \"Offer\",\n    \"priceCurrency\": \"CAD\",\n    \"price\": \"150.00\",\n    \"priceValidUntil\": \"2025-12-31\",\n    \"url\": \"https:\/\/amenagementchartrand.com\/boutique\/marche-celtik\/\",\n    \"itemCondition\": \"https:\/\/schema.org\/NewCondition\",\n    \"taxIncluded\": false\n  },\n  \"brand\": {\n    \"@type\": \"Brand\",\n    \"name\": \"Permacon\"\n  }\n}\n<\/script>\n\t\t\t\t<\/div>\n\t\t\t\t<\/div>\n\t\t\t\t\t<\/div>\n\t\t\t\t<\/div>\n\t\t\t\t<\/div>\n\t\t","protected":false},"excerpt":{"rendered":"<p>Marche Celtik 150$\/lot 16 pied lin\u00e9raire code : 016 Bureau: 450-377-4644Courriel: admin@amenagementchartrand.com<\/p>\n","protected":false},"featured_media":4079,"comment_status":"open","ping_status":"closed","template":"","meta":[],"product_brand":[],"product_cat":[34],"product_tag":[],"class_list":{"0":"post-4157","1":"product","2":"type-product","3":"status-publish","4":"has-post-thumbnail","6":"product_cat-coin-des-aubaines","8":"first","9":"instock","10":"taxable","11":"shipping-taxable","12":"purchasable","13":"product-type-simple"},"_links":{"self":[{"href":"https:\/\/amenagementchartrand.com\/en\/wp-json\/wp\/v2\/product\/4157","targetHints":{"allow":["GET"]}}],"collection":[{"href":"https:\/\/amenagementchartrand.com\/en\/wp-json\/wp\/v2\/product"}],"about":[{"href":"https:\/\/amenagementchartrand.com\/en\/wp-json\/wp\/v2\/types\/product"}],"replies":[{"embeddable":true,"href":"https:\/\/amenagementchartrand.com\/en\/wp-json\/wp\/v2\/comments?post=4157"}],"version-history":[{"count":5,"href":"https:\/\/amenagementchartrand.com\/en\/wp-json\/wp\/v2\/product\/4157\/revisions"}],"predecessor-version":[{"id":6770,"href":"https:\/\/amenagementchartrand.com\/en\/wp-json\/wp\/v2\/product\/4157\/revisions\/6770"}],"wp:featuredmedia":[{"embeddable":true,"href":"https:\/\/amenagementchartrand.com\/en\/wp-json\/wp\/v2\/media\/4079"}],"wp:attachment":[{"href":"https:\/\/amenagementchartrand.com\/en\/wp-json\/wp\/v2\/media?parent=4157"}],"wp:term":[{"taxonomy":"product_brand","embeddable":true,"href":"https:\/\/amenagementchartrand.com\/en\/wp-json\/wp\/v2\/product_brand?post=4157"},{"taxonomy":"product_cat","embeddable":true,"href":"https:\/\/amenagementchartrand.com\/en\/wp-json\/wp\/v2\/product_cat?post=4157"},{"taxonomy":"product_tag","embeddable":true,"href":"https:\/\/amenagementchartrand.com\/en\/wp-json\/wp\/v2\/product_tag?post=4157"}],"curies":[{"name":"wp","href":"https:\/\/api.w.org\/{rel}","templated":true}]}}