{"id":4154,"date":"2023-05-08T16:16:12","date_gmt":"2023-05-08T16:16:12","guid":{"rendered":"https:\/\/amenagementchartrand.com\/?post_type=product&#038;p=4154"},"modified":"2025-05-14T16:00:15","modified_gmt":"2025-05-14T20:00:15","slug":"pave-paleo","status":"publish","type":"product","link":"https:\/\/amenagementchartrand.com\/en\/boutique\/pave-paleo\/","title":{"rendered":"Pav\u00e9 Paleo"},"content":{"rendered":"<h3>Envie d&#8217;avoir du pav\u00e9 Paleo chez vous?<\/h3>\n<p><strong>160$\/lot<\/strong><\/p>\n<p>code : 015<\/p>\n<p>Bureau: <a href=\"tel:4503774644\">450-377-4644<\/a><br \/>\nCourriel: <a href=\"mailto:admin@amenagementchartrand.com\">admin@amenagementchartrand.com<\/a><\/p>\n<p>&nbsp;<\/p>\n<p>Voyez tous nos autres styles de pav\u00e9 <a href=\"https:\/\/amenagementchartrand.com\/boutique\/\">en cliquant ici<\/a>!<\/p>\n<p>&nbsp;<\/p>\n<p>Le pav\u00e9 Paleo Plus est un pav\u00e9 rustique inspir\u00e9 des routes anciennes en pierres des villes et cit\u00e9s europ\u00e9ennes. Il offre des d\u00e9cors simples et chaleureux. V\u00e9ritable r\u00e9volution en mati\u00e8re d\u2019esth\u00e9tisme, le pav\u00e9 Paleo est le premier pav\u00e9 au look antique.<\/p>\n","protected":false},"excerpt":{"rendered":"<p>Le pav\u00e9 Paleo Plus est un pav\u00e9 rustique inspir\u00e9 des routes anciennes en pierres des villes et cit\u00e9s europ\u00e9ennes. Il offre des d\u00e9cors simples et chaleureux. V\u00e9ritable r\u00e9volution en mati\u00e8re d\u2019esth\u00e9tisme, le pav\u00e9 Paleo est le premier pav\u00e9 au look antique.<\/p>\n","protected":false},"featured_media":4077,"comment_status":"open","ping_status":"closed","template":"","meta":[],"product_brand":[],"product_cat":[34],"product_tag":[],"class_list":{"0":"post-4154","1":"product","2":"type-product","3":"status-publish","4":"has-post-thumbnail","6":"product_cat-coin-des-aubaines","8":"first","9":"instock","10":"taxable","11":"shipping-taxable","12":"purchasable","13":"product-type-simple"},"_links":{"self":[{"href":"https:\/\/amenagementchartrand.com\/en\/wp-json\/wp\/v2\/product\/4154","targetHints":{"allow":["GET"]}}],"collection":[{"href":"https:\/\/amenagementchartrand.com\/en\/wp-json\/wp\/v2\/product"}],"about":[{"href":"https:\/\/amenagementchartrand.com\/en\/wp-json\/wp\/v2\/types\/product"}],"replies":[{"embeddable":true,"href":"https:\/\/amenagementchartrand.com\/en\/wp-json\/wp\/v2\/comments?post=4154"}],"version-history":[{"count":16,"href":"https:\/\/amenagementchartrand.com\/en\/wp-json\/wp\/v2\/product\/4154\/revisions"}],"predecessor-version":[{"id":6348,"href":"https:\/\/amenagementchartrand.com\/en\/wp-json\/wp\/v2\/product\/4154\/revisions\/6348"}],"wp:featuredmedia":[{"embeddable":true,"href":"https:\/\/amenagementchartrand.com\/en\/wp-json\/wp\/v2\/media\/4077"}],"wp:attachment":[{"href":"https:\/\/amenagementchartrand.com\/en\/wp-json\/wp\/v2\/media?parent=4154"}],"wp:term":[{"taxonomy":"product_brand","embeddable":true,"href":"https:\/\/amenagementchartrand.com\/en\/wp-json\/wp\/v2\/product_brand?post=4154"},{"taxonomy":"product_cat","embeddable":true,"href":"https:\/\/amenagementchartrand.com\/en\/wp-json\/wp\/v2\/product_cat?post=4154"},{"taxonomy":"product_tag","embeddable":true,"href":"https:\/\/amenagementchartrand.com\/en\/wp-json\/wp\/v2\/product_tag?post=4154"}],"curies":[{"name":"wp","href":"https:\/\/api.w.org\/{rel}","templated":true}]}}