{"id":4150,"date":"2023-05-08T16:12:12","date_gmt":"2023-05-08T16:12:12","guid":{"rendered":"https:\/\/amenagementchartrand.com\/?post_type=product&#038;p=4150"},"modified":"2025-09-19T14:41:03","modified_gmt":"2025-09-19T18:41:03","slug":"dalle-melville","status":"publish","type":"product","link":"https:\/\/amenagementchartrand.com\/en\/boutique\/dalle-melville\/","title":{"rendered":"Dalle Melville"},"content":{"rendered":"\t\t<div data-elementor-type=\"product-post\" data-elementor-id=\"4150\" class=\"elementor elementor-4150\" data-elementor-post-type=\"product\">\n\t\t\t\t<div class=\"elementor-element elementor-element-5e8fc41c e-flex e-con-boxed e-con e-parent\" data-id=\"5e8fc41c\" data-element_type=\"container\" data-e-type=\"container\">\n\t\t\t\t\t<div class=\"e-con-inner\">\n\t\t\t\t<div class=\"elementor-element elementor-element-30086902 elementor-widget elementor-widget-text-editor\" data-id=\"30086902\" data-element_type=\"widget\" data-e-type=\"widget\" data-widget_type=\"text-editor.default\">\n\t\t\t\t<div class=\"elementor-widget-container\">\n\t\t\t\t\t\t\t\t\t<h5>Dalle Melville<\/h5><p><strong>200$\/lot<\/strong><\/p><p>Qt\u00e9 : 33<\/p><p>code : 013<\/p><p>Bureau: <a href=\"tel:4503774644\">450-377-4644<\/a><br \/>Courriel: <a href=\"mailto:admin@amenagementchartrand.com\">admin@amenagementchartrand.com<\/a><\/p>\t\t\t\t\t\t\t\t<\/div>\n\t\t\t\t<\/div>\n\t\t\t\t<div class=\"elementor-element elementor-element-d2b840e elementor-widget elementor-widget-html\" data-id=\"d2b840e\" data-element_type=\"widget\" data-e-type=\"widget\" data-widget_type=\"html.default\">\n\t\t\t\t<div class=\"elementor-widget-container\">\n\t\t\t\t\t<script type=\"application\/ld+json\">\n{\n  \"@context\": \"https:\/\/schema.org\/\",\n  \"@type\": \"Product\",\n  \"name\": \"Dalle Melville\",\n  \"description\": \"La dalle Melville se distingue par sa texture lisse, ses ar\u00eates vives et ses couleurs modernes, offrant un am\u00e9nagement ext\u00e9rieur \u00e9pur\u00e9 qui met en valeur l\u2019aspect naturel de la mati\u00e8re. Id\u00e9ale pour les patios, all\u00e9es et terrasses, cette dalle de grand format procure une ambiance contemporaine et durable. Robuste et facile \u00e0 installer, elle s\u2019adapte parfaitement aux projets r\u00e9sidentiels et commerciaux cherchant une finition raffin\u00e9e et intemporelle.\",\n  \"image\": [\n    \"https:\/\/amenagementchartrand.com\/wp-content\/uploads\/2023\/05\/IMG_1854_web.jpg\"\n  ],\n  \"sku\": \"013\",\n  \"offers\": {\n    \"@type\": \"Offer\",\n    \"priceCurrency\": \"CAD\",\n    \"price\": \"200.00\",\n    \"priceValidUntil\": \"2025-12-31\",\n    \"url\": \"https:\/\/amenagementchartrand.com\/boutique\/dalle-melville\/\",\n    \"itemCondition\": \"https:\/\/schema.org\/NewCondition\",\n    \"taxIncluded\": false\n  }\n}\n<\/script>\n\t\t\t\t<\/div>\n\t\t\t\t<\/div>\n\t\t\t\t\t<\/div>\n\t\t\t\t<\/div>\n\t\t\t\t<\/div>\n\t\t","protected":false},"excerpt":{"rendered":"<p>Dalle Melville 200$\/lot Qt\u00e9 : 33 code : 013 Bureau: 450-377-4644Courriel: admin@amenagementchartrand.com<\/p>\n","protected":false},"featured_media":4073,"comment_status":"open","ping_status":"closed","template":"","meta":[],"product_brand":[],"product_cat":[34],"product_tag":[],"class_list":{"0":"post-4150","1":"product","2":"type-product","3":"status-publish","4":"has-post-thumbnail","6":"product_cat-coin-des-aubaines","8":"first","9":"instock","10":"taxable","11":"shipping-taxable","12":"purchasable","13":"product-type-simple"},"_links":{"self":[{"href":"https:\/\/amenagementchartrand.com\/en\/wp-json\/wp\/v2\/product\/4150","targetHints":{"allow":["GET"]}}],"collection":[{"href":"https:\/\/amenagementchartrand.com\/en\/wp-json\/wp\/v2\/product"}],"about":[{"href":"https:\/\/amenagementchartrand.com\/en\/wp-json\/wp\/v2\/types\/product"}],"replies":[{"embeddable":true,"href":"https:\/\/amenagementchartrand.com\/en\/wp-json\/wp\/v2\/comments?post=4150"}],"version-history":[{"count":5,"href":"https:\/\/amenagementchartrand.com\/en\/wp-json\/wp\/v2\/product\/4150\/revisions"}],"predecessor-version":[{"id":6747,"href":"https:\/\/amenagementchartrand.com\/en\/wp-json\/wp\/v2\/product\/4150\/revisions\/6747"}],"wp:featuredmedia":[{"embeddable":true,"href":"https:\/\/amenagementchartrand.com\/en\/wp-json\/wp\/v2\/media\/4073"}],"wp:attachment":[{"href":"https:\/\/amenagementchartrand.com\/en\/wp-json\/wp\/v2\/media?parent=4150"}],"wp:term":[{"taxonomy":"product_brand","embeddable":true,"href":"https:\/\/amenagementchartrand.com\/en\/wp-json\/wp\/v2\/product_brand?post=4150"},{"taxonomy":"product_cat","embeddable":true,"href":"https:\/\/amenagementchartrand.com\/en\/wp-json\/wp\/v2\/product_cat?post=4150"},{"taxonomy":"product_tag","embeddable":true,"href":"https:\/\/amenagementchartrand.com\/en\/wp-json\/wp\/v2\/product_tag?post=4150"}],"curies":[{"name":"wp","href":"https:\/\/api.w.org\/{rel}","templated":true}]}}