{"id":4147,"date":"2023-05-08T16:09:19","date_gmt":"2023-05-08T16:09:19","guid":{"rendered":"https:\/\/amenagementchartrand.com\/?post_type=product&#038;p=4147"},"modified":"2025-09-19T14:16:50","modified_gmt":"2025-09-19T18:16:50","slug":"bordure-celtik","status":"publish","type":"product","link":"https:\/\/amenagementchartrand.com\/en\/boutique\/bordure-celtik\/","title":{"rendered":"Bordure Celtik"},"content":{"rendered":"\t\t<div data-elementor-type=\"product-post\" data-elementor-id=\"4147\" class=\"elementor elementor-4147\" data-elementor-post-type=\"product\">\n\t\t\t\t<div class=\"elementor-element elementor-element-546fa268 e-flex e-con-boxed e-con e-parent\" data-id=\"546fa268\" data-element_type=\"container\" data-e-type=\"container\">\n\t\t\t\t\t<div class=\"e-con-inner\">\n\t\t\t\t<div class=\"elementor-element elementor-element-4885c82a elementor-widget elementor-widget-text-editor\" data-id=\"4885c82a\" data-element_type=\"widget\" data-e-type=\"widget\" data-widget_type=\"text-editor.default\">\n\t\t\t\t<div class=\"elementor-widget-container\">\n\t\t\t\t\t\t\t\t\t<p>Bordure Celtik<\/p><p><strong>290$\/lot<\/strong><\/p><p>65 pied lin\u00e9aire<\/p><p>code : 012<\/p><p>Bureau: <a href=\"tel:4503774644\">450-377-4644<\/a><br \/>Courriel: <a href=\"mailto:admin@amenagementchartrand.com\">admin@amenagementchartrand.com<\/a><\/p>\t\t\t\t\t\t\t\t<\/div>\n\t\t\t\t<\/div>\n\t\t\t\t<div class=\"elementor-element elementor-element-7cb1863 elementor-widget elementor-widget-html\" data-id=\"7cb1863\" data-element_type=\"widget\" data-e-type=\"widget\" data-widget_type=\"html.default\">\n\t\t\t\t<div class=\"elementor-widget-container\">\n\t\t\t\t\t<script type=\"application\/ld+json\">\n{\n  \"@context\": \"https:\/\/schema.org\/\",\n  \"@type\": \"Product\",\n  \"name\": \"Bordure Celtik\",\n  \"description\": \"La Bordure Celtik est une bordure paysag\u00e8re robuste et esth\u00e9tique, con\u00e7ue pour d\u00e9limiter et structurer vos espaces ext\u00e9rieurs avec style. Son design s\u2019harmonise parfaitement avec les murets Celtik, apportant un effet de d\u00e9coupage net et \u00e9l\u00e9gant \u00e0 votre am\u00e9nagement. Id\u00e9ale pour encadrer plates-bandes, all\u00e9es ou massifs, elle offre une finition soign\u00e9e avec une texture subtile et des dimensions modulaires adapt\u00e9es \u00e0 vos projets. Durable et facile \u00e0 installer, cette bordure valorise vos espaces verts tout en assurant une grande long\u00e9vit\u00e9 face aux intemp\u00e9ries.\",\n  \"image\": [\n    \"https:\/\/amenagementchartrand.com\/wp-content\/uploads\/2023\/05\/IMG_1852_mod.jpg\"\n  ],\n  \"sku\": \"012\",\n  \"offers\": {\n    \"@type\": \"Offer\",\n    \"priceCurrency\": \"CAD\",\n    \"price\": \"290.00\",\n    \"priceValidUntil\": \"2025-12-31\",\n    \"url\": \"https:\/\/amenagementchartrand.com\/boutique\/bordure-celtik\/\",\n    \"itemCondition\": \"https:\/\/schema.org\/NewCondition\",\n    \"taxIncluded\": false\n  }\n}\n<\/script>\n\t\t\t\t<\/div>\n\t\t\t\t<\/div>\n\t\t\t\t\t<\/div>\n\t\t\t\t<\/div>\n\t\t\t\t<\/div>\n\t\t","protected":false},"excerpt":{"rendered":"<p>Bordure Celtik 290$\/lot 65 pied lin\u00e9aire code : 012 Bureau: 450-377-4644Courriel: admin@amenagementchartrand.com<\/p>\n","protected":false},"featured_media":4071,"comment_status":"open","ping_status":"closed","template":"","meta":[],"product_brand":[],"product_cat":[34],"product_tag":[],"class_list":{"0":"post-4147","1":"product","2":"type-product","3":"status-publish","4":"has-post-thumbnail","6":"product_cat-coin-des-aubaines","8":"first","9":"instock","10":"taxable","11":"shipping-taxable","12":"purchasable","13":"product-type-simple"},"_links":{"self":[{"href":"https:\/\/amenagementchartrand.com\/en\/wp-json\/wp\/v2\/product\/4147","targetHints":{"allow":["GET"]}}],"collection":[{"href":"https:\/\/amenagementchartrand.com\/en\/wp-json\/wp\/v2\/product"}],"about":[{"href":"https:\/\/amenagementchartrand.com\/en\/wp-json\/wp\/v2\/types\/product"}],"replies":[{"embeddable":true,"href":"https:\/\/amenagementchartrand.com\/en\/wp-json\/wp\/v2\/comments?post=4147"}],"version-history":[{"count":4,"href":"https:\/\/amenagementchartrand.com\/en\/wp-json\/wp\/v2\/product\/4147\/revisions"}],"predecessor-version":[{"id":6719,"href":"https:\/\/amenagementchartrand.com\/en\/wp-json\/wp\/v2\/product\/4147\/revisions\/6719"}],"wp:featuredmedia":[{"embeddable":true,"href":"https:\/\/amenagementchartrand.com\/en\/wp-json\/wp\/v2\/media\/4071"}],"wp:attachment":[{"href":"https:\/\/amenagementchartrand.com\/en\/wp-json\/wp\/v2\/media?parent=4147"}],"wp:term":[{"taxonomy":"product_brand","embeddable":true,"href":"https:\/\/amenagementchartrand.com\/en\/wp-json\/wp\/v2\/product_brand?post=4147"},{"taxonomy":"product_cat","embeddable":true,"href":"https:\/\/amenagementchartrand.com\/en\/wp-json\/wp\/v2\/product_cat?post=4147"},{"taxonomy":"product_tag","embeddable":true,"href":"https:\/\/amenagementchartrand.com\/en\/wp-json\/wp\/v2\/product_tag?post=4147"}],"curies":[{"name":"wp","href":"https:\/\/api.w.org\/{rel}","templated":true}]}}