{"id":4136,"date":"2023-05-08T15:55:27","date_gmt":"2023-05-08T15:55:27","guid":{"rendered":"https:\/\/amenagementchartrand.com\/?post_type=product&#038;p=4136"},"modified":"2025-10-10T14:49:15","modified_gmt":"2025-10-10T18:49:15","slug":"pave-copstone","status":"publish","type":"product","link":"https:\/\/amenagementchartrand.com\/en\/boutique\/pave-copstone\/","title":{"rendered":"Pav\u00e9 Copstone"},"content":{"rendered":"\t\t<div data-elementor-type=\"product-post\" data-elementor-id=\"4136\" class=\"elementor elementor-4136\" data-elementor-post-type=\"product\">\n\t\t\t\t<div class=\"elementor-element elementor-element-1f73ed61 e-flex e-con-boxed e-con e-parent\" data-id=\"1f73ed61\" data-element_type=\"container\" data-e-type=\"container\">\n\t\t\t\t\t<div class=\"e-con-inner\">\n\t\t\t\t<div class=\"elementor-element elementor-element-19375de0 elementor-widget elementor-widget-text-editor\" data-id=\"19375de0\" data-element_type=\"widget\" data-e-type=\"widget\" data-widget_type=\"text-editor.default\">\n\t\t\t\t<div class=\"elementor-widget-container\">\n\t\t\t\t\t\t\t\t\t<p><strong>650$\/lot<\/strong><\/p><p>127 pi2<\/p><p>code : 008<\/p><p>Bureau: <a href=\"tel:4503774644\">450-377-4644<\/a><br \/>Courriel: <a href=\"mailto:admin@amenagementchartrand.com\">admin@amenagementchartrand.com<\/a><\/p>\t\t\t\t\t\t\t\t<\/div>\n\t\t\t\t<\/div>\n\t\t\t\t<div class=\"elementor-element elementor-element-4486c3b elementor-widget elementor-widget-html\" data-id=\"4486c3b\" data-element_type=\"widget\" data-e-type=\"widget\" data-widget_type=\"html.default\">\n\t\t\t\t<div class=\"elementor-widget-container\">\n\t\t\t\t\t<script type=\"application\/ld+json\">\n{\n  \"@context\": \"https:\/\/schema.org\/\",\n  \"@type\": \"Product\",\n  \"name\": \"Pav\u00e9 Copstone\",\n  \"image\": [\n    \"https:\/\/amenagementchartrand.com\/wp-content\/uploads\/2023\/05\/IMG_1844_web.jpg\"\n  ],\n  \"description\": \"Le Pav\u00e9 Copstone d'Am\u00e9nagement Chartrand offre une solution \u00e9l\u00e9gante et durable pour vos projets d'am\u00e9nagement paysager. Ce pav\u00e9 de haute qualit\u00e9, id\u00e9al pour la cr\u00e9ation d'all\u00e9es, patios et surfaces ext\u00e9rieures, combine esth\u00e9tique et r\u00e9sistance aux conditions climatiques du Qu\u00e9bec. Dimensions d\u00e9licates permettant la conception d'all\u00e9es courbes, d'accents et de bordures dans tous types d'am\u00e9nagements r\u00e9sidentiels et commerciaux.\",\n  \"sku\": \"008\",\n  \"brand\": {\n    \"@type\": \"Organization\",\n    \"name\": \"Am\u00e9nagement Chartrand\",\n    \"url\": \"https:\/\/amenagementchartrand.com\",\n    \"telephone\": \"+1-450-377-4644\",\n    \"address\": {\n      \"@type\": \"PostalAddress\",\n      \"streetAddress\": \"527 Bd Pie-XII\",\n      \"addressLocality\": \"Salaberry-de-Valleyfield\",\n      \"addressRegion\": \"QC\",\n      \"postalCode\": \"J6S 6P7\",\n      \"addressCountry\": \"CA\"\n    },\n    \"image\": \"https:\/\/amenagementchartrand.com\/wp-content\/uploads\/2023\/05\/IMG_1844_web.jpg\"\n  },\n  \"offers\": {\n    \"@type\": \"Offer\",\n    \"url\": \"https:\/\/amenagementchartrand.com\/boutique\/pave-copstone\/\",\n    \"priceCurrency\": \"CAD\",\n    \"price\": \"650.00\",\n    \"availability\": \"http:\/\/schema.org\/InStock\",\n    \"seller\": {\n      \"@type\": \"Organization\",\n      \"name\": \"Am\u00e9nagement Chartrand\",\n      \"url\": \"https:\/\/amenagementchartrand.com\"\n    }\n  },\n  \"category\": \"Pav\u00e9s\",\n  \"additionalProperty\": [\n    {\n      \"@type\": \"PropertyValue\",\n      \"name\": \"Surface couverte\",\n      \"value\": \"127 pi\u00b2\"\n    },\n    {\n      \"@type\": \"PropertyValue\", \n      \"name\": \"Type de vente\",\n      \"value\": \"Par lot\"\n    }\n  ]\n}\n<\/script>\n\t\t\t\t<\/div>\n\t\t\t\t<\/div>\n\t\t\t\t\t<\/div>\n\t\t\t\t<\/div>\n\t\t\t\t<\/div>\n\t\t","protected":false},"excerpt":{"rendered":"<p>650$\/lot 127 pi2 code : 008 Bureau: 450-377-4644Courriel: admin@amenagementchartrand.com<\/p>\n","protected":false},"featured_media":4063,"comment_status":"open","ping_status":"closed","template":"","meta":[],"product_brand":[],"product_cat":[34],"product_tag":[],"class_list":{"0":"post-4136","1":"product","2":"type-product","3":"status-publish","4":"has-post-thumbnail","6":"product_cat-coin-des-aubaines","8":"first","9":"instock","10":"taxable","11":"shipping-taxable","12":"purchasable","13":"product-type-simple"},"_links":{"self":[{"href":"https:\/\/amenagementchartrand.com\/en\/wp-json\/wp\/v2\/product\/4136","targetHints":{"allow":["GET"]}}],"collection":[{"href":"https:\/\/amenagementchartrand.com\/en\/wp-json\/wp\/v2\/product"}],"about":[{"href":"https:\/\/amenagementchartrand.com\/en\/wp-json\/wp\/v2\/types\/product"}],"replies":[{"embeddable":true,"href":"https:\/\/amenagementchartrand.com\/en\/wp-json\/wp\/v2\/comments?post=4136"}],"version-history":[{"count":3,"href":"https:\/\/amenagementchartrand.com\/en\/wp-json\/wp\/v2\/product\/4136\/revisions"}],"predecessor-version":[{"id":6807,"href":"https:\/\/amenagementchartrand.com\/en\/wp-json\/wp\/v2\/product\/4136\/revisions\/6807"}],"wp:featuredmedia":[{"embeddable":true,"href":"https:\/\/amenagementchartrand.com\/en\/wp-json\/wp\/v2\/media\/4063"}],"wp:attachment":[{"href":"https:\/\/amenagementchartrand.com\/en\/wp-json\/wp\/v2\/media?parent=4136"}],"wp:term":[{"taxonomy":"product_brand","embeddable":true,"href":"https:\/\/amenagementchartrand.com\/en\/wp-json\/wp\/v2\/product_brand?post=4136"},{"taxonomy":"product_cat","embeddable":true,"href":"https:\/\/amenagementchartrand.com\/en\/wp-json\/wp\/v2\/product_cat?post=4136"},{"taxonomy":"product_tag","embeddable":true,"href":"https:\/\/amenagementchartrand.com\/en\/wp-json\/wp\/v2\/product_tag?post=4136"}],"curies":[{"name":"wp","href":"https:\/\/api.w.org\/{rel}","templated":true}]}}