{"id":4116,"date":"2023-05-08T15:23:13","date_gmt":"2023-05-08T15:23:13","guid":{"rendered":"https:\/\/amenagementchartrand.com\/?post_type=product&#038;p=4116"},"modified":"2025-10-10T14:51:22","modified_gmt":"2025-10-10T18:51:22","slug":"pave-marina","status":"publish","type":"product","link":"https:\/\/amenagementchartrand.com\/en\/boutique\/pave-marina\/","title":{"rendered":"Pav\u00e9 Marina"},"content":{"rendered":"\t\t<div data-elementor-type=\"product-post\" data-elementor-id=\"4116\" class=\"elementor elementor-4116\" data-elementor-post-type=\"product\">\n\t\t\t\t<div class=\"elementor-element elementor-element-6d86465a e-flex e-con-boxed e-con e-parent\" data-id=\"6d86465a\" data-element_type=\"container\" data-e-type=\"container\">\n\t\t\t\t\t<div class=\"e-con-inner\">\n\t\t\t\t<div class=\"elementor-element elementor-element-7c0489fc elementor-widget elementor-widget-text-editor\" data-id=\"7c0489fc\" data-element_type=\"widget\" data-e-type=\"widget\" data-widget_type=\"text-editor.default\">\n\t\t\t\t<div class=\"elementor-widget-container\">\n\t\t\t\t\t\t\t\t\t<p>qte: 47<\/p><p>100$\/lot<\/p><p>Code: 003<\/p><p>\u00a0<\/p><p>Bureau: <a href=\"tel:4503774644\">450-377-4644<\/a><br \/>Courriel: <a href=\"mailto:admin@amenagementchartrand.com\">admin@amenagementchartrand.com<\/a><\/p>\t\t\t\t\t\t\t\t<\/div>\n\t\t\t\t<\/div>\n\t\t\t\t<div class=\"elementor-element elementor-element-4b47155 elementor-widget elementor-widget-html\" data-id=\"4b47155\" data-element_type=\"widget\" data-e-type=\"widget\" data-widget_type=\"html.default\">\n\t\t\t\t<div class=\"elementor-widget-container\">\n\t\t\t\t\t<script type=\"application\/ld+json\">\n{\n  \"@context\": \"https:\/\/schema.org\/\",\n  \"@type\": \"Product\",\n  \"name\": \"Pav\u00e9 Marina\",\n  \"image\": [\n    \"https:\/\/amenagementchartrand.com\/wp-content\/uploads\/2023\/05\/IMG_1834_wev.jpg\"\n  ],\n  \"description\": \"Le Pav\u00e9 Marina d\u2019Am\u00e9nagement Chartrand est un rev\u00eatement ext\u00e9rieur robuste et esth\u00e9tique, id\u00e9al pour les am\u00e9nagements paysagers r\u00e9sidentiels et commerciaux au Qu\u00e9bec. Fabriqu\u00e9 pour offrir durabilit\u00e9 et \u00e9l\u00e9gance, ce pav\u00e9 convient parfaitement aux all\u00e9es, terrasses et contours de piscine. Son style moderne et sa finition soign\u00e9e garantissent une int\u00e9gration harmonieuse \u00e0 tous types de projets d\u2019am\u00e9nagement ext\u00e9rieur.\",\n  \"sku\": \"003\",\n  \"brand\": {\n    \"@type\": \"Organization\",\n    \"name\": \"Am\u00e9nagement Chartrand\",\n    \"url\": \"https:\/\/amenagementchartrand.com\",\n    \"telephone\": \"+1-450-377-4644\",\n    \"address\": {\n      \"@type\": \"PostalAddress\",\n      \"streetAddress\": \"527 Bd Pie-XII\",\n      \"addressLocality\": \"Salaberry-de-Valleyfield\",\n      \"addressRegion\": \"QC\",\n      \"postalCode\": \"J6S 6P7\",\n      \"addressCountry\": \"CA\"\n    },\n    \"image\": \"https:\/\/amenagementchartrand.com\/wp-content\/uploads\/2023\/05\/IMG_1834_wev.jpg\"\n  },\n  \"offers\": {\n    \"@type\": \"Offer\",\n    \"url\": \"https:\/\/amenagementchartrand.com\/boutique\/pave-marina\/\",\n    \"priceCurrency\": \"CAD\",\n    \"price\": \"100.00\",\n    \"availability\": \"http:\/\/schema.org\/InStock\",\n    \"seller\": {\n      \"@type\": \"Organization\",\n      \"name\": \"Am\u00e9nagement Chartrand\",\n      \"url\": \"https:\/\/amenagementchartrand.com\"\n    }\n  }\n}\n<\/script>\n\t\t\t\t<\/div>\n\t\t\t\t<\/div>\n\t\t\t\t\t<\/div>\n\t\t\t\t<\/div>\n\t\t\t\t<\/div>\n\t\t","protected":false},"excerpt":{"rendered":"<p>qte: 47 100$\/lot Code: 003 \u00a0 Bureau: 450-377-4644Courriel: admin@amenagementchartrand.com<\/p>\n","protected":false},"featured_media":4053,"comment_status":"open","ping_status":"closed","template":"","meta":[],"product_brand":[],"product_cat":[34],"product_tag":[],"class_list":{"0":"post-4116","1":"product","2":"type-product","3":"status-publish","4":"has-post-thumbnail","6":"product_cat-coin-des-aubaines","8":"first","9":"instock","10":"taxable","11":"shipping-taxable","12":"purchasable","13":"product-type-simple"},"_links":{"self":[{"href":"https:\/\/amenagementchartrand.com\/en\/wp-json\/wp\/v2\/product\/4116","targetHints":{"allow":["GET"]}}],"collection":[{"href":"https:\/\/amenagementchartrand.com\/en\/wp-json\/wp\/v2\/product"}],"about":[{"href":"https:\/\/amenagementchartrand.com\/en\/wp-json\/wp\/v2\/types\/product"}],"replies":[{"embeddable":true,"href":"https:\/\/amenagementchartrand.com\/en\/wp-json\/wp\/v2\/comments?post=4116"}],"version-history":[{"count":3,"href":"https:\/\/amenagementchartrand.com\/en\/wp-json\/wp\/v2\/product\/4116\/revisions"}],"predecessor-version":[{"id":6810,"href":"https:\/\/amenagementchartrand.com\/en\/wp-json\/wp\/v2\/product\/4116\/revisions\/6810"}],"wp:featuredmedia":[{"embeddable":true,"href":"https:\/\/amenagementchartrand.com\/en\/wp-json\/wp\/v2\/media\/4053"}],"wp:attachment":[{"href":"https:\/\/amenagementchartrand.com\/en\/wp-json\/wp\/v2\/media?parent=4116"}],"wp:term":[{"taxonomy":"product_brand","embeddable":true,"href":"https:\/\/amenagementchartrand.com\/en\/wp-json\/wp\/v2\/product_brand?post=4116"},{"taxonomy":"product_cat","embeddable":true,"href":"https:\/\/amenagementchartrand.com\/en\/wp-json\/wp\/v2\/product_cat?post=4116"},{"taxonomy":"product_tag","embeddable":true,"href":"https:\/\/amenagementchartrand.com\/en\/wp-json\/wp\/v2\/product_tag?post=4116"}],"curies":[{"name":"wp","href":"https:\/\/api.w.org\/{rel}","templated":true}]}}