{"id":4114,"date":"2023-05-08T15:21:50","date_gmt":"2023-05-08T15:21:50","guid":{"rendered":"https:\/\/amenagementchartrand.com\/?post_type=product&#038;p=4114"},"modified":"2025-09-19T14:38:47","modified_gmt":"2025-09-19T18:38:47","slug":"dalle-lisse-blu","status":"publish","type":"product","link":"https:\/\/amenagementchartrand.com\/en\/boutique\/dalle-lisse-blu\/","title":{"rendered":"Dalle lisse Blu"},"content":{"rendered":"\t\t<div data-elementor-type=\"product-post\" data-elementor-id=\"4114\" class=\"elementor elementor-4114\" data-elementor-post-type=\"product\">\n\t\t\t\t<div class=\"elementor-element elementor-element-566139a3 e-flex e-con-boxed e-con e-parent\" data-id=\"566139a3\" data-element_type=\"container\" data-e-type=\"container\">\n\t\t\t\t\t<div class=\"e-con-inner\">\n\t\t\t\t<div class=\"elementor-element elementor-element-797b5f93 elementor-widget elementor-widget-text-editor\" data-id=\"797b5f93\" data-element_type=\"widget\" data-e-type=\"widget\" data-widget_type=\"text-editor.default\">\n\t\t\t\t<div class=\"elementor-widget-container\">\n\t\t\t\t\t\t\t\t\t<p>Dalle lisse Blu<\/p><p>60 mm<br \/>Gris Calcaire<br \/>100 pi2<\/p><p><strong>500$\/lot<\/strong><\/p><p>Code : 002<\/p><p>Bureau: <a href=\"tel:4503774644\">450-377-4644<\/a><br \/>Courriel: <a href=\"mailto:admin@amenagementchartrand.com\">admin@amenagementchartrand.com<\/a><\/p><p>\u00a0<\/p>\t\t\t\t\t\t\t\t<\/div>\n\t\t\t\t<\/div>\n\t\t\t\t<div class=\"elementor-element elementor-element-5141c22 elementor-widget elementor-widget-html\" data-id=\"5141c22\" data-element_type=\"widget\" data-e-type=\"widget\" data-widget_type=\"html.default\">\n\t\t\t\t<div class=\"elementor-widget-container\">\n\t\t\t\t\t<script type=\"application\/ld+json\">\n{\n  \"@context\": \"https:\/\/schema.org\/\",\n  \"@type\": \"Product\",\n  \"name\": \"Dalle lisse Blu\",\n  \"description\": \"La dalle lisse Blu offre un fini gris calcaire \u00e9l\u00e9gant et contemporain, id\u00e9ale pour les am\u00e9nagements ext\u00e9rieurs modernes. Avec une \u00e9paisseur de 60 mm, elle assure une grande durabilit\u00e9 et une r\u00e9sistance optimale aux intemp\u00e9ries. Sa surface lisse, tout en \u00e9tant rugueuse au toucher pour \u00e9viter les glissades, est parfaite pour les patios, all\u00e9es et terrasses. Ce produit haut de gamme allie esth\u00e9tique raffin\u00e9e et fonctionnalit\u00e9 pratique pour sublimer n\u2019importe quel espace ext\u00e9rieur.\",\n  \"image\": [\n    \"https:\/\/amenagementchartrand.com\/wp-content\/uploads\/2023\/05\/IMG_1832_web.jpg\"\n  ],\n  \"sku\": \"002\",\n  \"offers\": {\n    \"@type\": \"Offer\",\n    \"priceCurrency\": \"CAD\",\n    \"price\": \"500.00\",\n    \"priceValidUntil\": \"2025-12-31\",\n    \"url\": \"https:\/\/amenagementchartrand.com\/boutique\/dalle-lisse-blu\/\",\n    \"itemCondition\": \"https:\/\/schema.org\/NewCondition\",\n    \"taxIncluded\": false\n  }\n}\n<\/script>\n\t\t\t\t<\/div>\n\t\t\t\t<\/div>\n\t\t\t\t\t<\/div>\n\t\t\t\t<\/div>\n\t\t\t\t<\/div>\n\t\t","protected":false},"excerpt":{"rendered":"<p>Dalle lisse Blu 60 mmGris Calcaire100 pi2 500$\/lot Code : 002 Bureau: 450-377-4644Courriel: admin@amenagementchartrand.com \u00a0<\/p>\n","protected":false},"featured_media":4051,"comment_status":"open","ping_status":"closed","template":"","meta":[],"product_brand":[],"product_cat":[34],"product_tag":[],"class_list":{"0":"post-4114","1":"product","2":"type-product","3":"status-publish","4":"has-post-thumbnail","6":"product_cat-coin-des-aubaines","8":"first","9":"instock","10":"taxable","11":"shipping-taxable","12":"purchasable","13":"product-type-simple"},"_links":{"self":[{"href":"https:\/\/amenagementchartrand.com\/en\/wp-json\/wp\/v2\/product\/4114","targetHints":{"allow":["GET"]}}],"collection":[{"href":"https:\/\/amenagementchartrand.com\/en\/wp-json\/wp\/v2\/product"}],"about":[{"href":"https:\/\/amenagementchartrand.com\/en\/wp-json\/wp\/v2\/types\/product"}],"replies":[{"embeddable":true,"href":"https:\/\/amenagementchartrand.com\/en\/wp-json\/wp\/v2\/comments?post=4114"}],"version-history":[{"count":4,"href":"https:\/\/amenagementchartrand.com\/en\/wp-json\/wp\/v2\/product\/4114\/revisions"}],"predecessor-version":[{"id":6743,"href":"https:\/\/amenagementchartrand.com\/en\/wp-json\/wp\/v2\/product\/4114\/revisions\/6743"}],"wp:featuredmedia":[{"embeddable":true,"href":"https:\/\/amenagementchartrand.com\/en\/wp-json\/wp\/v2\/media\/4051"}],"wp:attachment":[{"href":"https:\/\/amenagementchartrand.com\/en\/wp-json\/wp\/v2\/media?parent=4114"}],"wp:term":[{"taxonomy":"product_brand","embeddable":true,"href":"https:\/\/amenagementchartrand.com\/en\/wp-json\/wp\/v2\/product_brand?post=4114"},{"taxonomy":"product_cat","embeddable":true,"href":"https:\/\/amenagementchartrand.com\/en\/wp-json\/wp\/v2\/product_cat?post=4114"},{"taxonomy":"product_tag","embeddable":true,"href":"https:\/\/amenagementchartrand.com\/en\/wp-json\/wp\/v2\/product_tag?post=4114"}],"curies":[{"name":"wp","href":"https:\/\/api.w.org\/{rel}","templated":true}]}}