{"id":4110,"date":"2023-05-08T15:17:00","date_gmt":"2023-05-08T15:17:00","guid":{"rendered":"https:\/\/amenagementchartrand.com\/?post_type=product&#038;p=4110"},"modified":"2025-09-19T14:36:58","modified_gmt":"2025-09-19T18:36:58","slug":"dalle-blu-usage","status":"publish","type":"product","link":"https:\/\/amenagementchartrand.com\/en\/boutique\/dalle-blu-usage\/","title":{"rendered":"Dalle Blu usag\u00e9"},"content":{"rendered":"\t\t<div data-elementor-type=\"product-post\" data-elementor-id=\"4110\" class=\"elementor elementor-4110\" data-elementor-post-type=\"product\">\n\t\t\t\t<div class=\"elementor-element elementor-element-70792897 e-flex e-con-boxed e-con e-parent\" data-id=\"70792897\" data-element_type=\"container\" data-e-type=\"container\">\n\t\t\t\t\t<div class=\"e-con-inner\">\n\t\t\t\t<div class=\"elementor-element elementor-element-ce34c5c elementor-widget elementor-widget-text-editor\" data-id=\"ce34c5c\" data-element_type=\"widget\" data-e-type=\"widget\" data-widget_type=\"text-editor.default\">\n\t\t\t\t<div class=\"elementor-widget-container\">\n\t\t\t\t\t\t\t\t\t<h5>Dalle Blu usag\u00e9<\/h5><p>26 pi 2<\/p><p>Code 001<\/p><p>\u00a0<\/p><p>Pour plus d&#8217;informations,<\/p><p>Bureau: <a href=\"tel:4503774644\">450-377-4644<\/a><br \/>Courriel: <a href=\"mailto:admin@amenagementchartrand.com\">admin@amenagementchartrand.com<\/a><\/p>\t\t\t\t\t\t\t\t<\/div>\n\t\t\t\t<\/div>\n\t\t\t\t<div class=\"elementor-element elementor-element-e61ec2f elementor-widget elementor-widget-html\" data-id=\"e61ec2f\" data-element_type=\"widget\" data-e-type=\"widget\" data-widget_type=\"html.default\">\n\t\t\t\t<div class=\"elementor-widget-container\">\n\t\t\t\t\t<script type=\"application\/ld+json\">\n{\n  \"@context\": \"https:\/\/schema.org\/\",\n  \"@type\": \"Product\",\n  \"name\": \"Dalle Blu usag\u00e9\",\n  \"description\": \"La dalle Blu usag\u00e9e est un choix \u00e9conomique pour les am\u00e9nagements ext\u00e9rieurs, offrant une surface robuste et un aspect contemporain. Adapt\u00e9e aux all\u00e9es, patios et contours de piscine, elle conserve la texture et les caract\u00e9ristiques durables de la s\u00e9rie Blu. Cette dalle est id\u00e9ale pour ceux qui recherchent une solution pratique sans compromettre la qualit\u00e9 et le style dans leurs projets paysagers.\",\n  \"image\": [\n    \"https:\/\/amenagementchartrand.com\/wp-content\/uploads\/2023\/05\/IMG_1830_web.jpg\"\n  ],\n  \"sku\": \"001\",\n  \"offers\": {\n    \"@type\": \"Offer\",\n    \"priceCurrency\": \"CAD\",\n    \"price\": \"80.00\",\n    \"priceValidUntil\": \"2025-12-31\",\n    \"url\": \"https:\/\/amenagementchartrand.com\/boutique\/dalle-blu-usage\/\",\n    \"itemCondition\": \"https:\/\/schema.org\/UsedCondition\",\n    \"taxIncluded\": false\n  }\n}\n<\/script>\n\t\t\t\t<\/div>\n\t\t\t\t<\/div>\n\t\t\t\t\t<\/div>\n\t\t\t\t<\/div>\n\t\t\t\t<\/div>\n\t\t","protected":false},"excerpt":{"rendered":"<p>Dalle Blu usag\u00e9 26 pi 2 Code 001 \u00a0 Pour plus d&#8217;informations, Bureau: 450-377-4644Courriel: admin@amenagementchartrand.com<\/p>\n","protected":false},"featured_media":4049,"comment_status":"open","ping_status":"closed","template":"","meta":[],"product_brand":[],"product_cat":[34],"product_tag":[],"class_list":{"0":"post-4110","1":"product","2":"type-product","3":"status-publish","4":"has-post-thumbnail","6":"product_cat-coin-des-aubaines","8":"first","9":"instock","10":"taxable","11":"shipping-taxable","12":"purchasable","13":"product-type-simple"},"_links":{"self":[{"href":"https:\/\/amenagementchartrand.com\/en\/wp-json\/wp\/v2\/product\/4110","targetHints":{"allow":["GET"]}}],"collection":[{"href":"https:\/\/amenagementchartrand.com\/en\/wp-json\/wp\/v2\/product"}],"about":[{"href":"https:\/\/amenagementchartrand.com\/en\/wp-json\/wp\/v2\/types\/product"}],"replies":[{"embeddable":true,"href":"https:\/\/amenagementchartrand.com\/en\/wp-json\/wp\/v2\/comments?post=4110"}],"version-history":[{"count":4,"href":"https:\/\/amenagementchartrand.com\/en\/wp-json\/wp\/v2\/product\/4110\/revisions"}],"predecessor-version":[{"id":6740,"href":"https:\/\/amenagementchartrand.com\/en\/wp-json\/wp\/v2\/product\/4110\/revisions\/6740"}],"wp:featuredmedia":[{"embeddable":true,"href":"https:\/\/amenagementchartrand.com\/en\/wp-json\/wp\/v2\/media\/4049"}],"wp:attachment":[{"href":"https:\/\/amenagementchartrand.com\/en\/wp-json\/wp\/v2\/media?parent=4110"}],"wp:term":[{"taxonomy":"product_brand","embeddable":true,"href":"https:\/\/amenagementchartrand.com\/en\/wp-json\/wp\/v2\/product_brand?post=4110"},{"taxonomy":"product_cat","embeddable":true,"href":"https:\/\/amenagementchartrand.com\/en\/wp-json\/wp\/v2\/product_cat?post=4110"},{"taxonomy":"product_tag","embeddable":true,"href":"https:\/\/amenagementchartrand.com\/en\/wp-json\/wp\/v2\/product_tag?post=4110"}],"curies":[{"name":"wp","href":"https:\/\/api.w.org\/{rel}","templated":true}]}}