{"id":1126,"date":"2022-03-15T20:45:40","date_gmt":"2022-03-15T20:45:40","guid":{"rendered":"https:\/\/amenagementchartrand.sltm.ca\/?post_type=product&#038;p=1126"},"modified":"2025-10-10T14:24:33","modified_gmt":"2025-10-10T18:24:33","slug":"moulures-pour-separateurs","status":"publish","type":"product","link":"https:\/\/amenagementchartrand.com\/en\/boutique\/moulures-pour-separateurs\/","title":{"rendered":"Moulures pour s\u00e9parateurs"},"content":{"rendered":"\t\t<div data-elementor-type=\"product-post\" data-elementor-id=\"1126\" class=\"elementor elementor-1126\" data-elementor-post-type=\"product\">\n\t\t\t\t<div class=\"elementor-element elementor-element-2eadb0e8 e-flex e-con-boxed e-con e-parent\" data-id=\"2eadb0e8\" data-element_type=\"container\" data-e-type=\"container\">\n\t\t\t\t\t<div class=\"e-con-inner\">\n\t\t\t\t<div class=\"elementor-element elementor-element-7f63defd elementor-widget elementor-widget-text-editor\" data-id=\"7f63defd\" data-element_type=\"widget\" data-e-type=\"widget\" data-widget_type=\"text-editor.default\">\n\t\t\t\t<div class=\"elementor-widget-container\">\n\t\t\t\t\t\t\t\t\t<h5>Moulures pour s\u00e9parateurs<\/h5><p>Produits compl\u00e9mentaires:<br \/>\u2013 S\u00e9parateurs en bois ou en aluminium<br \/>\u2013 Poteaux pour s\u00e9parateurs<\/p>\t\t\t\t\t\t\t\t<\/div>\n\t\t\t\t<\/div>\n\t\t\t\t<div class=\"elementor-element elementor-element-afcd915 elementor-widget elementor-widget-html\" data-id=\"afcd915\" data-element_type=\"widget\" data-e-type=\"widget\" data-widget_type=\"html.default\">\n\t\t\t\t<div class=\"elementor-widget-container\">\n\t\t\t\t\t<script type=\"application\/ld+json\"> { \"@context\": \"https:\/\/schema.org\/\", \"@type\": \"Product\", \"name\": \"Moulures pour s\u00e9parateurs\", \"image\": [ \"https:\/\/amenagementchartrand.com\/wp-content\/uploads\/2022\/03\/kit-moulure-separateur.png\" ], \"description\": \"Les moulures pour s\u00e9parateurs d'Am\u00e9nagement Chartrand sont con\u00e7ues pour l'assemblage de rampes et de cl\u00f4tures, offrant une finition \u00e9l\u00e9gante, durable et r\u00e9sistante \u00e0 la corrosion. Parfaites pour maintenir vos s\u00e9parateurs en bois ou en aluminium, elles apportent un look moderne \u00e0 vos am\u00e9nagements ext\u00e9rieurs r\u00e9sidentiels ou commerciaux au Qu\u00e9bec.\", \"sku\": \"MPSEP001\", \"brand\": { \"@type\": \"Organization\", \"name\": \"Am\u00e9nagement Chartrand\", \"url\": \"https:\/\/amenagementchartrand.com\", \"telephone\": \"+1-450-377-4644\", \"address\": { \"@type\": \"PostalAddress\", \"streetAddress\": \"527 Bd Pie-XII\", \"addressLocality\": \"Salaberry-de-Valleyfield\", \"addressRegion\": \"QC\", \"postalCode\": \"J6S 6P7\", \"addressCountry\": \"CA\" }, \"image\": \"https:\/\/amenagementchartrand.com\/wp-content\/uploads\/2022\/03\/kit-moulure-separateur.png\" }, \"offers\": { \"@type\": \"Offer\", \"url\": \"https:\/\/amenagementchartrand.com\/boutique\/moulures-pour-separateurs\/\", \"priceCurrency\": \"CAD\", \"price\": \"95.16\", \"availability\": \"http:\/\/schema.org\/InStock\", \"seller\": { \"@type\": \"Organization\", \"name\": \"Am\u00e9nagement Chartrand\", \"url\": \"https:\/\/amenagementchartrand.com\" } } } <\/script>\t\t\t\t<\/div>\n\t\t\t\t<\/div>\n\t\t\t\t\t<\/div>\n\t\t\t\t<\/div>\n\t\t\t\t<\/div>\n\t\t","protected":false},"excerpt":{"rendered":"<p>Moulures pour s\u00e9parateurs Produits compl\u00e9mentaires:\u2013 S\u00e9parateurs en bois ou en aluminium\u2013 Poteaux pour s\u00e9parateurs<\/p>\n","protected":false},"featured_media":1127,"comment_status":"open","ping_status":"closed","template":"","meta":[],"product_brand":[],"product_cat":[23],"product_tag":[],"class_list":{"0":"post-1126","1":"product","2":"type-product","3":"status-publish","4":"has-post-thumbnail","6":"product_cat-rampes-aluminium","8":"first","9":"instock","10":"taxable","11":"shipping-taxable","12":"purchasable","13":"product-type-simple"},"_links":{"self":[{"href":"https:\/\/amenagementchartrand.com\/en\/wp-json\/wp\/v2\/product\/1126","targetHints":{"allow":["GET"]}}],"collection":[{"href":"https:\/\/amenagementchartrand.com\/en\/wp-json\/wp\/v2\/product"}],"about":[{"href":"https:\/\/amenagementchartrand.com\/en\/wp-json\/wp\/v2\/types\/product"}],"replies":[{"embeddable":true,"href":"https:\/\/amenagementchartrand.com\/en\/wp-json\/wp\/v2\/comments?post=1126"}],"version-history":[{"count":4,"href":"https:\/\/amenagementchartrand.com\/en\/wp-json\/wp\/v2\/product\/1126\/revisions"}],"predecessor-version":[{"id":6789,"href":"https:\/\/amenagementchartrand.com\/en\/wp-json\/wp\/v2\/product\/1126\/revisions\/6789"}],"wp:featuredmedia":[{"embeddable":true,"href":"https:\/\/amenagementchartrand.com\/en\/wp-json\/wp\/v2\/media\/1127"}],"wp:attachment":[{"href":"https:\/\/amenagementchartrand.com\/en\/wp-json\/wp\/v2\/media?parent=1126"}],"wp:term":[{"taxonomy":"product_brand","embeddable":true,"href":"https:\/\/amenagementchartrand.com\/en\/wp-json\/wp\/v2\/product_brand?post=1126"},{"taxonomy":"product_cat","embeddable":true,"href":"https:\/\/amenagementchartrand.com\/en\/wp-json\/wp\/v2\/product_cat?post=1126"},{"taxonomy":"product_tag","embeddable":true,"href":"https:\/\/amenagementchartrand.com\/en\/wp-json\/wp\/v2\/product_tag?post=1126"}],"curies":[{"name":"wp","href":"https:\/\/api.w.org\/{rel}","templated":true}]}}