{"id":1118,"date":"2022-03-15T20:43:05","date_gmt":"2022-03-15T20:43:05","guid":{"rendered":"https:\/\/amenagementchartrand.sltm.ca\/?post_type=product&#038;p=1118"},"modified":"2025-09-19T15:09:49","modified_gmt":"2025-09-19T19:09:49","slug":"ensemble-de-4-crans-angle-std","status":"publish","type":"product","link":"https:\/\/amenagementchartrand.com\/en\/boutique\/ensemble-de-4-crans-angle-std\/","title":{"rendered":"Ensemble de 4 crans angle STD"},"content":{"rendered":"\t\t<div data-elementor-type=\"product-post\" data-elementor-id=\"1118\" class=\"elementor elementor-1118\" data-elementor-post-type=\"product\">\n\t\t\t\t<div class=\"elementor-element elementor-element-2aaa75f0 e-flex e-con-boxed e-con e-parent\" data-id=\"2aaa75f0\" data-element_type=\"container\" data-e-type=\"container\">\n\t\t\t\t\t<div class=\"e-con-inner\">\n\t\t\t\t<div class=\"elementor-element elementor-element-119c6feb elementor-widget elementor-widget-text-editor\" data-id=\"119c6feb\" data-element_type=\"widget\" data-e-type=\"widget\" data-widget_type=\"text-editor.default\">\n\t\t\t\t<div class=\"elementor-widget-container\">\n\t\t\t\t\t\t\t\t\t<p>Ensemble de 4 crans angle STD<\/p><p>16 vis no 8 X 5\/8 \/Acier inox<\/p>\t\t\t\t\t\t\t\t<\/div>\n\t\t\t\t<\/div>\n\t\t\t\t<div class=\"elementor-element elementor-element-c4a2212 elementor-widget elementor-widget-html\" data-id=\"c4a2212\" data-element_type=\"widget\" data-e-type=\"widget\" data-widget_type=\"html.default\">\n\t\t\t\t<div class=\"elementor-widget-container\">\n\t\t\t\t\t<script type=\"application\/ld+json\">\n{\n  \"@context\": \"https:\/\/schema.org\/\",\n  \"@type\": \"Product\",\n  \"name\": \"Ensemble de 4 crans angle STD\",\n  \"description\": \"Ensemble de 4 crans angle STD comprenant 16 vis no 8 x 5\/8 en acier inoxydable de haute qualit\u00e9. Ce kit est essentiel pour l\u2019assemblage s\u00e9curis\u00e9 et durable de vos rampes et structures en aluminium, offrant une fixation fiable et r\u00e9sistante \u00e0 la corrosion. Facile \u00e0 installer, il assure la solidit\u00e9 des angles et la stabilit\u00e9 des installations.\",\n  \"image\": [\n    \"https:\/\/amenagementchartrand.com\/wp-content\/uploads\/2022\/03\/SFW-Ensemble-de-4-crans-angle-STD-16-vis-no-8-X-58-Acier-inox.jpg\"\n  ],\n  \"sku\": \"000\",\n  \"offers\": {\n    \"@type\": \"Offer\",\n    \"priceCurrency\": \"CAD\",\n    \"price\": \"10.86\",\n    \"priceValidUntil\": \"2025-12-31\",\n    \"url\": \"https:\/\/amenagementchartrand.com\/boutique\/ensemble-de-4-crans-angle-std\/\",\n    \"itemCondition\": \"https:\/\/schema.org\/NewCondition\",\n    \"taxIncluded\": false\n  }\n}\n<\/script>\n\t\t\t\t<\/div>\n\t\t\t\t<\/div>\n\t\t\t\t\t<\/div>\n\t\t\t\t<\/div>\n\t\t\t\t<\/div>\n\t\t","protected":false},"excerpt":{"rendered":"<p>Ensemble de 4 crans angle STD 16 vis no 8 X 5\/8 \/Acier inox<\/p>\n","protected":false},"featured_media":6622,"comment_status":"open","ping_status":"closed","template":"","meta":[],"product_brand":[],"product_cat":[23],"product_tag":[],"class_list":{"0":"post-1118","1":"product","2":"type-product","3":"status-publish","4":"has-post-thumbnail","6":"product_cat-rampes-aluminium","8":"first","9":"instock","10":"taxable","11":"shipping-taxable","12":"purchasable","13":"product-type-simple"},"_links":{"self":[{"href":"https:\/\/amenagementchartrand.com\/en\/wp-json\/wp\/v2\/product\/1118","targetHints":{"allow":["GET"]}}],"collection":[{"href":"https:\/\/amenagementchartrand.com\/en\/wp-json\/wp\/v2\/product"}],"about":[{"href":"https:\/\/amenagementchartrand.com\/en\/wp-json\/wp\/v2\/types\/product"}],"replies":[{"embeddable":true,"href":"https:\/\/amenagementchartrand.com\/en\/wp-json\/wp\/v2\/comments?post=1118"}],"version-history":[{"count":5,"href":"https:\/\/amenagementchartrand.com\/en\/wp-json\/wp\/v2\/product\/1118\/revisions"}],"predecessor-version":[{"id":6779,"href":"https:\/\/amenagementchartrand.com\/en\/wp-json\/wp\/v2\/product\/1118\/revisions\/6779"}],"wp:featuredmedia":[{"embeddable":true,"href":"https:\/\/amenagementchartrand.com\/en\/wp-json\/wp\/v2\/media\/6622"}],"wp:attachment":[{"href":"https:\/\/amenagementchartrand.com\/en\/wp-json\/wp\/v2\/media?parent=1118"}],"wp:term":[{"taxonomy":"product_brand","embeddable":true,"href":"https:\/\/amenagementchartrand.com\/en\/wp-json\/wp\/v2\/product_brand?post=1118"},{"taxonomy":"product_cat","embeddable":true,"href":"https:\/\/amenagementchartrand.com\/en\/wp-json\/wp\/v2\/product_cat?post=1118"},{"taxonomy":"product_tag","embeddable":true,"href":"https:\/\/amenagementchartrand.com\/en\/wp-json\/wp\/v2\/product_tag?post=1118"}],"curies":[{"name":"wp","href":"https:\/\/api.w.org\/{rel}","templated":true}]}}