{"id":1110,"date":"2022-03-15T20:36:17","date_gmt":"2022-03-15T20:36:17","guid":{"rendered":"https:\/\/amenagementchartrand.sltm.ca\/?post_type=product&#038;p=1110"},"modified":"2025-10-10T14:36:59","modified_gmt":"2025-10-10T18:36:59","slug":"nettoyant-multi-usage","status":"publish","type":"product","link":"https:\/\/amenagementchartrand.com\/en\/boutique\/nettoyant-multi-usage\/","title":{"rendered":"Nettoyant multi-usage"},"content":{"rendered":"\t\t<div data-elementor-type=\"product-post\" data-elementor-id=\"1110\" class=\"elementor elementor-1110\" data-elementor-post-type=\"product\">\n\t\t\t\t<div class=\"elementor-element elementor-element-75bf980b e-flex e-con-boxed e-con e-parent\" data-id=\"75bf980b\" data-element_type=\"container\" data-e-type=\"container\">\n\t\t\t\t\t<div class=\"e-con-inner\">\n\t\t\t\t<div class=\"elementor-element elementor-element-75a036a5 elementor-widget elementor-widget-text-editor\" data-id=\"75a036a5\" data-element_type=\"widget\" data-e-type=\"widget\" data-widget_type=\"text-editor.default\">\n\t\t\t\t<div class=\"elementor-widget-container\">\n\t\t\t\t\t\t\t\t\t<p>Nettoyant multi-usage (d\u00e9graissant concentr\u00e9) BIO-162\u00a0(800ml)<\/p>\t\t\t\t\t\t\t\t<\/div>\n\t\t\t\t<\/div>\n\t\t\t\t<div class=\"elementor-element elementor-element-a2fa3bf elementor-widget elementor-widget-html\" data-id=\"a2fa3bf\" data-element_type=\"widget\" data-e-type=\"widget\" data-widget_type=\"html.default\">\n\t\t\t\t<div class=\"elementor-widget-container\">\n\t\t\t\t\t<script type=\"application\/ld+json\">\n{\n  \"@context\": \"https:\/\/schema.org\/\",\n  \"@type\": \"Product\",\n  \"name\": \"Nettoyant multi-usage (d\u00e9graissant concentr\u00e9) BIO-162\",\n  \"image\": [\n    \"https:\/\/amenagementchartrand.com\/wp-content\/uploads\/2022\/03\/Nettoyant-multi-usage-.png\"\n  ],\n  \"description\": \"Le Nettoyant multi-usage BIO-162 d\u2019Am\u00e9nagement Chartrand est un d\u00e9graissant concentr\u00e9, biod\u00e9gradable et non toxique, sp\u00e9cialement con\u00e7u pour l\u2019entretien ext\u00e9rieur en am\u00e9nagement paysager. Id\u00e9al pour nettoyer les terrasses, pav\u00e9s, cl\u00f4tures et surfaces de b\u00e9ton ou de pierre, il \u00e9limine efficacement les taches, la salet\u00e9, les mousses et les moisissures. Sa formule biologique, au pH neutre et sans phosphate ni colorant, prot\u00e8ge l\u2019environnement tout en maximisant la propret\u00e9 de vos surfaces ext\u00e9rieures.\",\n  \"sku\": \"BIO-162-800ml\",\n  \"brand\": {\n    \"@type\": \"Organization\",\n    \"name\": \"Am\u00e9nagement Chartrand\",\n    \"url\": \"https:\/\/amenagementchartrand.com\",\n    \"telephone\": \"+1-450-377-4644\",\n    \"address\": {\n      \"@type\": \"PostalAddress\",\n      \"streetAddress\": \"527 Bd Pie-XII\",\n      \"addressLocality\": \"Salaberry-de-Valleyfield\",\n      \"addressRegion\": \"QC\",\n      \"postalCode\": \"J6S 6P7\",\n      \"addressCountry\": \"CA\"\n    },\n    \"image\": \"https:\/\/amenagementchartrand.com\/wp-content\/uploads\/2022\/03\/Nettoyant-multi-usage-.png\"\n  },\n  \"offers\": {\n    \"@type\": \"Offer\",\n    \"url\": \"https:\/\/amenagementchartrand.com\/boutique\/nettoyant-multi-usage\/\",\n    \"priceCurrency\": \"CAD\",\n    \"price\": \"13.58\",\n    \"availability\": \"http:\/\/schema.org\/InStock\",\n    \"seller\": {\n      \"@type\": \"Organization\",\n      \"name\": \"Am\u00e9nagement Chartrand\",\n      \"url\": \"https:\/\/amenagementchartrand.com\"\n    }\n  }\n}\n<\/script>\n\t\t\t\t<\/div>\n\t\t\t\t<\/div>\n\t\t\t\t\t<\/div>\n\t\t\t\t<\/div>\n\t\t\t\t<\/div>\n\t\t","protected":false},"excerpt":{"rendered":"<p>Nettoyant multi-usage (d\u00e9graissant concentr\u00e9) BIO-162\u00a0(800ml)<\/p>\n","protected":false},"featured_media":1111,"comment_status":"open","ping_status":"closed","template":"","meta":[],"product_brand":[],"product_cat":[23],"product_tag":[],"class_list":{"0":"post-1110","1":"product","2":"type-product","3":"status-publish","4":"has-post-thumbnail","6":"product_cat-rampes-aluminium","8":"first","9":"instock","10":"taxable","11":"shipping-taxable","12":"purchasable","13":"product-type-simple"},"_links":{"self":[{"href":"https:\/\/amenagementchartrand.com\/en\/wp-json\/wp\/v2\/product\/1110","targetHints":{"allow":["GET"]}}],"collection":[{"href":"https:\/\/amenagementchartrand.com\/en\/wp-json\/wp\/v2\/product"}],"about":[{"href":"https:\/\/amenagementchartrand.com\/en\/wp-json\/wp\/v2\/types\/product"}],"replies":[{"embeddable":true,"href":"https:\/\/amenagementchartrand.com\/en\/wp-json\/wp\/v2\/comments?post=1110"}],"version-history":[{"count":3,"href":"https:\/\/amenagementchartrand.com\/en\/wp-json\/wp\/v2\/product\/1110\/revisions"}],"predecessor-version":[{"id":6803,"href":"https:\/\/amenagementchartrand.com\/en\/wp-json\/wp\/v2\/product\/1110\/revisions\/6803"}],"wp:featuredmedia":[{"embeddable":true,"href":"https:\/\/amenagementchartrand.com\/en\/wp-json\/wp\/v2\/media\/1111"}],"wp:attachment":[{"href":"https:\/\/amenagementchartrand.com\/en\/wp-json\/wp\/v2\/media?parent=1110"}],"wp:term":[{"taxonomy":"product_brand","embeddable":true,"href":"https:\/\/amenagementchartrand.com\/en\/wp-json\/wp\/v2\/product_brand?post=1110"},{"taxonomy":"product_cat","embeddable":true,"href":"https:\/\/amenagementchartrand.com\/en\/wp-json\/wp\/v2\/product_cat?post=1110"},{"taxonomy":"product_tag","embeddable":true,"href":"https:\/\/amenagementchartrand.com\/en\/wp-json\/wp\/v2\/product_tag?post=1110"}],"curies":[{"name":"wp","href":"https:\/\/api.w.org\/{rel}","templated":true}]}}