{"id":1107,"date":"2022-03-15T20:34:31","date_gmt":"2022-03-15T20:34:31","guid":{"rendered":"https:\/\/amenagementchartrand.sltm.ca\/?post_type=product&#038;p=1107"},"modified":"2025-10-10T14:09:10","modified_gmt":"2025-10-10T18:09:10","slug":"kit-de-quincaillerie-poteau-versa","status":"publish","type":"product","link":"https:\/\/amenagementchartrand.com\/en\/boutique\/kit-de-quincaillerie-poteau-versa\/","title":{"rendered":"Kit de quincaillerie \u2013 Poteau versa"},"content":{"rendered":"\t\t<div data-elementor-type=\"product-post\" data-elementor-id=\"1107\" class=\"elementor elementor-1107\" data-elementor-post-type=\"product\">\n\t\t\t\t<div class=\"elementor-element elementor-element-2edc4a34 e-flex e-con-boxed e-con e-parent\" data-id=\"2edc4a34\" data-element_type=\"container\" data-e-type=\"container\">\n\t\t\t\t\t<div class=\"e-con-inner\">\n\t\t\t\t<div class=\"elementor-element elementor-element-498fa7e elementor-widget elementor-widget-text-editor\" data-id=\"498fa7e\" data-element_type=\"widget\" data-e-type=\"widget\" data-widget_type=\"text-editor.default\">\n\t\t\t\t<div class=\"elementor-widget-container\">\n\t\t\t\t\t\t\t\t\t<p>15X Espaceurs<\/p><p>1X Espaceur Bas 3 7\/8\u201d<\/p><p>1X Espaceur Haut 3 7\/8\u201d<\/p>\t\t\t\t\t\t\t\t<\/div>\n\t\t\t\t<\/div>\n\t\t\t\t<div class=\"elementor-element elementor-element-17a4648 elementor-widget elementor-widget-html\" data-id=\"17a4648\" data-element_type=\"widget\" data-e-type=\"widget\" data-widget_type=\"html.default\">\n\t\t\t\t<div class=\"elementor-widget-container\">\n\t\t\t\t\t<script type=\"application\/ld+json\">\n{\n  \"@context\": \"https:\/\/schema.org\/\",\n  \"@type\": \"Product\",\n  \"name\": \"Kit de quincaillerie \u2013 Poteau Versa\",\n  \"image\": [\n    \"https:\/\/amenagementchartrand.com\/wp-content\/uploads\/2022\/03\/kit-de-quincaillerie.png\"\n  ],\n  \"description\": \"Le Kit de quincaillerie pour poteau Versa propos\u00e9 par Am\u00e9nagement Chartrand comprend tous les espaceurs et accessoires n\u00e9cessaires \u00e0 l\u2019installation rapide, stable et s\u00e9curitaire des poteaux Versa. Ce kit est id\u00e9al pour les projets de cl\u00f4tures r\u00e9sidentielles ou commerciales au Qu\u00e9bec, garantissant une fixation professionnelle et durable.\",\n  \"sku\": \"KIT-POT-VERSA\",\n  \"brand\": {\n    \"@type\": \"Organization\",\n    \"name\": \"Am\u00e9nagement Chartrand\",\n    \"url\": \"https:\/\/amenagementchartrand.com\",\n    \"telephone\": \"+1-450-377-4644\",\n    \"address\": {\n      \"@type\": \"PostalAddress\",\n      \"streetAddress\": \"527 Bd Pie-XII\",\n      \"addressLocality\": \"Salaberry-de-Valleyfield\",\n      \"addressRegion\": \"QC\",\n      \"postalCode\": \"J6S 6P7\",\n      \"addressCountry\": \"CA\"\n    },\n    \"image\": \"https:\/\/amenagementchartrand.com\/wp-content\/uploads\/2022\/03\/kit-de-quincaillerie.png\"\n  },\n  \"offers\": {\n    \"@type\": \"Offer\",\n    \"url\": \"https:\/\/amenagementchartrand.com\/boutique\/kit-de-quincaillerie-poteau-versa\/\",\n    \"priceCurrency\": \"CAD\",\n    \"price\": \"27.18\",\n    \"availability\": \"http:\/\/schema.org\/InStock\",\n    \"seller\": {\n      \"@type\": \"Organization\",\n      \"name\": \"Am\u00e9nagement Chartrand\",\n      \"url\": \"https:\/\/amenagementchartrand.com\"\n    }\n  }\n}\n<\/script>\n\t\t\t\t<\/div>\n\t\t\t\t<\/div>\n\t\t\t\t\t<\/div>\n\t\t\t\t<\/div>\n\t\t\t\t<\/div>\n\t\t","protected":false},"excerpt":{"rendered":"<p>15X Espaceurs 1X Espaceur Bas 3 7\/8\u201d 1X Espaceur Haut 3 7\/8\u201d<\/p>\n","protected":false},"featured_media":1108,"comment_status":"open","ping_status":"closed","template":"","meta":[],"product_brand":[],"product_cat":[27],"product_tag":[],"class_list":{"0":"post-1107","1":"product","2":"type-product","3":"status-publish","4":"has-post-thumbnail","6":"product_cat-clotures-aluminium","8":"first","9":"instock","10":"taxable","11":"shipping-taxable","12":"purchasable","13":"product-type-simple"},"_links":{"self":[{"href":"https:\/\/amenagementchartrand.com\/en\/wp-json\/wp\/v2\/product\/1107","targetHints":{"allow":["GET"]}}],"collection":[{"href":"https:\/\/amenagementchartrand.com\/en\/wp-json\/wp\/v2\/product"}],"about":[{"href":"https:\/\/amenagementchartrand.com\/en\/wp-json\/wp\/v2\/types\/product"}],"replies":[{"embeddable":true,"href":"https:\/\/amenagementchartrand.com\/en\/wp-json\/wp\/v2\/comments?post=1107"}],"version-history":[{"count":4,"href":"https:\/\/amenagementchartrand.com\/en\/wp-json\/wp\/v2\/product\/1107\/revisions"}],"predecessor-version":[{"id":6777,"href":"https:\/\/amenagementchartrand.com\/en\/wp-json\/wp\/v2\/product\/1107\/revisions\/6777"}],"wp:featuredmedia":[{"embeddable":true,"href":"https:\/\/amenagementchartrand.com\/en\/wp-json\/wp\/v2\/media\/1108"}],"wp:attachment":[{"href":"https:\/\/amenagementchartrand.com\/en\/wp-json\/wp\/v2\/media?parent=1107"}],"wp:term":[{"taxonomy":"product_brand","embeddable":true,"href":"https:\/\/amenagementchartrand.com\/en\/wp-json\/wp\/v2\/product_brand?post=1107"},{"taxonomy":"product_cat","embeddable":true,"href":"https:\/\/amenagementchartrand.com\/en\/wp-json\/wp\/v2\/product_cat?post=1107"},{"taxonomy":"product_tag","embeddable":true,"href":"https:\/\/amenagementchartrand.com\/en\/wp-json\/wp\/v2\/product_tag?post=1107"}],"curies":[{"name":"wp","href":"https:\/\/api.w.org\/{rel}","templated":true}]}}