{"id":1087,"date":"2022-03-15T20:10:35","date_gmt":"2022-03-15T20:10:35","guid":{"rendered":"https:\/\/amenagementchartrand.sltm.ca\/?post_type=product&#038;p=1087"},"modified":"2022-07-13T19:02:41","modified_gmt":"2022-07-13T19:02:41","slug":"porte-soudee-moderne-verre-clair","status":"publish","type":"product","link":"https:\/\/amenagementchartrand.com\/en\/boutique\/porte-soudee-moderne-verre-clair\/","title":{"rendered":"Porte soud\u00e9e moderne verre clair"},"content":{"rendered":"<p class=\"p1\">Maitrisez les entr\u00e9es et sorties en toute s\u00e9curit\u00e9. Produit conforme aux r\u00e8glements municipal.<\/p>\n<p class=\"p1\"><strong>Les caract\u00e9ristiques :\u00a0<\/strong>100 % aluminium. Aucune vis apparente.<\/p>\n<p class=\"p1\"><strong>L\u2019ensemble comprend :\u00a0<\/strong>1 porte soude\u0301e. 2 pentures a\u0300 ressort 1 loquet a\u0300 cle\u0301. Vis autopercantes<\/p>\n<p class=\"p1\"><strong>Les outils requis :\u00a0<\/strong>Perceuse.<\/p>\n","protected":false},"excerpt":{"rendered":"<p><strong>POTEAUX NON INCLUS<\/strong><\/p>\n<div class=\"page\" title=\"Page 1\">\n<div class=\"section\">\n<div class=\"layoutArea\">\n<div class=\"column\">\n<p class=\"p1\">Porte en aluminium et en verre trempe\u0301 clair.<\/p>\n<\/div>\n<\/div>\n<\/div>\n<\/div>\n","protected":false},"featured_media":1092,"comment_status":"open","ping_status":"closed","template":"","meta":[],"product_brand":[],"product_cat":[28],"product_tag":[],"class_list":{"0":"post-1087","1":"product","2":"type-product","3":"status-publish","4":"has-post-thumbnail","6":"product_cat-clotures-en-verre","8":"first","9":"instock","10":"taxable","11":"shipping-taxable","12":"purchasable","13":"product-type-variable"},"_links":{"self":[{"href":"https:\/\/amenagementchartrand.com\/en\/wp-json\/wp\/v2\/product\/1087","targetHints":{"allow":["GET"]}}],"collection":[{"href":"https:\/\/amenagementchartrand.com\/en\/wp-json\/wp\/v2\/product"}],"about":[{"href":"https:\/\/amenagementchartrand.com\/en\/wp-json\/wp\/v2\/types\/product"}],"replies":[{"embeddable":true,"href":"https:\/\/amenagementchartrand.com\/en\/wp-json\/wp\/v2\/comments?post=1087"}],"version-history":[{"count":0,"href":"https:\/\/amenagementchartrand.com\/en\/wp-json\/wp\/v2\/product\/1087\/revisions"}],"wp:featuredmedia":[{"embeddable":true,"href":"https:\/\/amenagementchartrand.com\/en\/wp-json\/wp\/v2\/media\/1092"}],"wp:attachment":[{"href":"https:\/\/amenagementchartrand.com\/en\/wp-json\/wp\/v2\/media?parent=1087"}],"wp:term":[{"taxonomy":"product_brand","embeddable":true,"href":"https:\/\/amenagementchartrand.com\/en\/wp-json\/wp\/v2\/product_brand?post=1087"},{"taxonomy":"product_cat","embeddable":true,"href":"https:\/\/amenagementchartrand.com\/en\/wp-json\/wp\/v2\/product_cat?post=1087"},{"taxonomy":"product_tag","embeddable":true,"href":"https:\/\/amenagementchartrand.com\/en\/wp-json\/wp\/v2\/product_tag?post=1087"}],"curies":[{"name":"wp","href":"https:\/\/api.w.org\/{rel}","templated":true}]}}