{"id":1054,"date":"2022-03-15T18:52:48","date_gmt":"2022-03-15T18:52:48","guid":{"rendered":"https:\/\/amenagementchartrand.sltm.ca\/?post_type=product&#038;p=1054"},"modified":"2023-12-04T13:54:58","modified_gmt":"2023-12-04T13:54:58","slug":"porte-moderne-5-ajustable","status":"publish","type":"product","link":"https:\/\/amenagementchartrand.com\/en\/boutique\/porte-moderne-5-ajustable\/","title":{"rendered":"Porte Moderne 5 (ajustable)"},"content":{"rendered":"<p class=\"p1\">Maitrisez les entr\u00e9es et sorties en toute s\u00e9curit\u00e9. Produit conforme aux r\u00e8glements municipal.<\/p>\n<p class=\"p1\"><strong>Les caract\u00e9ristiques :<\/strong>100 % aluminium. Aucune vis apparente. Ancrages soud\u00e9s<\/p>\n<p class=\"p1\"><strong>L\u2019ensemble comprend :\u00a0<\/strong>2 montants verticaux. 1 garde-corps ajustable. 2 pentures \u00e0 ressort. 1 loquet \u00e0 cl\u00e9. Vis auto per\u00e7antes<\/p>\n<p class=\"p1\"><strong>Les outils requis :\u00a0<\/strong>Perceuse. Scie \u00e0 onglet. Niveau. Ruban \u00e0 mesurer<\/p>\n","protected":false},"excerpt":{"rendered":"<p>Maitrisez les entr\u00e9es et sorties en toute s\u00e9curit\u00e9. Produit conforme aux r\u00e8glements municipal. Les caract\u00e9ristiques :100 % aluminium. Aucune vis apparente. Ancrages soud\u00e9s L\u2019ensemble comprend :\u00a02 montants verticaux. 1 garde-corps ajustable. 2 pentures \u00e0 ressort. 1 loquet \u00e0 cl\u00e9. Vis auto per\u00e7antes Les outils requis :\u00a0Perceuse. Scie \u00e0 onglet. Niveau. Ruban \u00e0 mesurer<\/p>\n","protected":false},"featured_media":1067,"comment_status":"open","ping_status":"closed","template":"","meta":[],"product_brand":[],"product_cat":[27],"product_tag":[],"class_list":{"0":"post-1054","1":"product","2":"type-product","3":"status-publish","4":"has-post-thumbnail","6":"product_cat-clotures-aluminium","8":"first","9":"instock","10":"taxable","11":"shipping-taxable","12":"purchasable","13":"product-type-variable"},"_links":{"self":[{"href":"https:\/\/amenagementchartrand.com\/en\/wp-json\/wp\/v2\/product\/1054","targetHints":{"allow":["GET"]}}],"collection":[{"href":"https:\/\/amenagementchartrand.com\/en\/wp-json\/wp\/v2\/product"}],"about":[{"href":"https:\/\/amenagementchartrand.com\/en\/wp-json\/wp\/v2\/types\/product"}],"replies":[{"embeddable":true,"href":"https:\/\/amenagementchartrand.com\/en\/wp-json\/wp\/v2\/comments?post=1054"}],"version-history":[{"count":0,"href":"https:\/\/amenagementchartrand.com\/en\/wp-json\/wp\/v2\/product\/1054\/revisions"}],"wp:featuredmedia":[{"embeddable":true,"href":"https:\/\/amenagementchartrand.com\/en\/wp-json\/wp\/v2\/media\/1067"}],"wp:attachment":[{"href":"https:\/\/amenagementchartrand.com\/en\/wp-json\/wp\/v2\/media?parent=1054"}],"wp:term":[{"taxonomy":"product_brand","embeddable":true,"href":"https:\/\/amenagementchartrand.com\/en\/wp-json\/wp\/v2\/product_brand?post=1054"},{"taxonomy":"product_cat","embeddable":true,"href":"https:\/\/amenagementchartrand.com\/en\/wp-json\/wp\/v2\/product_cat?post=1054"},{"taxonomy":"product_tag","embeddable":true,"href":"https:\/\/amenagementchartrand.com\/en\/wp-json\/wp\/v2\/product_tag?post=1054"}],"curies":[{"name":"wp","href":"https:\/\/api.w.org\/{rel}","templated":true}]}}