{"id":1014,"date":"2022-03-15T15:54:33","date_gmt":"2022-03-15T15:54:33","guid":{"rendered":"https:\/\/amenagementchartrand.sltm.ca\/?post_type=product&#038;p=1014"},"modified":"2025-09-19T14:29:24","modified_gmt":"2025-09-19T18:29:24","slug":"cloture-moderne-en-verre","status":"publish","type":"product","link":"https:\/\/amenagementchartrand.com\/en\/boutique\/cloture-moderne-en-verre\/","title":{"rendered":"Cl\u00f4ture moderne en verre clair (48\u2033)"},"content":{"rendered":"\t\t<div data-elementor-type=\"product-post\" data-elementor-id=\"1014\" class=\"elementor elementor-1014\" data-elementor-post-type=\"product\">\n\t\t\t\t<div class=\"elementor-element elementor-element-a4ca3a2 e-flex e-con-boxed e-con e-parent\" data-id=\"a4ca3a2\" data-element_type=\"container\" data-e-type=\"container\">\n\t\t\t\t\t<div class=\"e-con-inner\">\n\t\t\t\t<div class=\"elementor-element elementor-element-7cf1b2ba elementor-widget elementor-widget-text-editor\" data-id=\"7cf1b2ba\" data-element_type=\"widget\" data-e-type=\"widget\" data-widget_type=\"text-editor.default\">\n\t\t\t\t<div class=\"elementor-widget-container\">\n\t\t\t\t\t\t\t\t\t<h5>Cl\u00f4ture moderne en verre clair (48\u2033)<\/h5><p><strong>LES CARACTE\u0301RISTIQUES :\u00a0<\/strong>Ne n\u00e9cessite aucun assemblage. 100 % aluminium.\u00a0Poteaux 3\u2019\u2019 et 1.75\u2019\u2019 compatibles. Aucune vis apparente. Ajustable 1\u20442 pouce chaque embout<\/p><p><strong>L\u2019ENSEMBLE COMPREND :\u00a0<\/strong>1 verre assemble\u0301 dans ses moulures 1 main courante (1 1\u20442\u2019\u2019 x 1 1\u20442 \u2018\u2019). 1 profile\u0301 du bas (1 1\u20442\u2019\u2019 x 1 1\u20442 \u2018\u2019). 4 adaptateurs. Vis autopercantes<\/p><p><strong>LES OUTILS REQUIS :\u00a0<\/strong>Scie a\u0300 onglet. Lame a\u0300 bois ou a\u0300 me\u0301tal. Perceuse.<\/p>\t\t\t\t\t\t\t\t<\/div>\n\t\t\t\t<\/div>\n\t\t\t\t<div class=\"elementor-element elementor-element-b3dbf93 elementor-widget elementor-widget-html\" data-id=\"b3dbf93\" data-element_type=\"widget\" data-e-type=\"widget\" data-widget_type=\"html.default\">\n\t\t\t\t<div class=\"elementor-widget-container\">\n\t\t\t\t\t<script type=\"application\/ld+json\">\n{\n  \"@context\": \"https:\/\/schema.org\/\",\n  \"@type\": \"Product\",\n  \"name\": \"Cl\u00f4ture moderne en verre clair (48\u2033)\",\n  \"description\": \"La cl\u00f4ture moderne en verre clair de 48 pouces allie esth\u00e9tique et fonctionnalit\u00e9 pour s\u00e9curiser votre piscine ou balcon avec \u00e9l\u00e9gance. Compos\u00e9e \u00e0 100 % d'aluminium sans aucune vis apparente, elle ne n\u00e9cessite aucun assemblage. Son verre tremp\u00e9 clair de haute qualit\u00e9, maintenu dans ses moulures, assure une vue d\u00e9gag\u00e9e et une grande s\u00e9curit\u00e9. Compatible avec des poteaux de 3 et 1,75 pouces, elle s\u2019adapte aux diff\u00e9rents besoins d\u2019am\u00e9nagement. Disponible en plusieurs options ajustables, elle est facile \u00e0 installer et r\u00e9sistante aux intemp\u00e9ries. L\u2019ensemble comprend des adaptateurs et vis auto-per\u00e7antes, avec des outils recommand\u00e9s tels qu\u2019une scie \u00e0 onglet, une perceuse, et une lame \u00e0 bois ou m\u00e9tal.\",\n  \"image\": [\n    \"https:\/\/amenagementchartrand.com\/wp-content\/uploads\/2022\/03\/Rampe-verre.png\"\n  ],\n  \"sku\": \"000\",\n  \"offers\": {\n    \"@type\": \"Offer\",\n    \"priceCurrency\": \"CAD\",\n    \"price\": \"259.66\",\n    \"priceSpecification\": {\n      \"@type\": \"PriceSpecification\",\n      \"priceCurrency\": \"CAD\",\n      \"minPrice\": \"259.66\",\n      \"maxPrice\": \"382.02\"\n    },\n    \"priceValidUntil\": \"2025-12-31\",\n    \"url\": \"https:\/\/amenagementchartrand.com\/boutique\/cloture-moderne-en-verre\/\",\n    \"itemCondition\": \"https:\/\/schema.org\/NewCondition\",\n    \"taxIncluded\": false\n  }\n}\n<\/script>\n\t\t\t\t<\/div>\n\t\t\t\t<\/div>\n\t\t\t\t\t<\/div>\n\t\t\t\t<\/div>\n\t\t\t\t<\/div>\n\t\t","protected":false},"excerpt":{"rendered":"<p><strong>POTEAUX NON INCLUS<\/strong><\/p>\n<div class=\"page\" title=\"Page 1\">\n<div class=\"section\">\n<div class=\"layoutArea\">\n<div class=\"column\">\n<p>Section de cl\u00f4ture en aluminium et en verre trempe\u0301 clair. Ide\u0301ale pour se\u0301curiser votre piscine.<\/p>\n<\/div>\n<\/div>\n<\/div>\n<\/div>\n","protected":false},"featured_media":1023,"comment_status":"open","ping_status":"closed","template":"","meta":[],"product_brand":[],"product_cat":[27,28],"product_tag":[],"class_list":{"0":"post-1014","1":"product","2":"type-product","3":"status-publish","4":"has-post-thumbnail","6":"product_cat-clotures-aluminium","7":"product_cat-clotures-en-verre","9":"first","10":"instock","11":"taxable","12":"shipping-taxable","13":"purchasable","14":"product-type-variable"},"_links":{"self":[{"href":"https:\/\/amenagementchartrand.com\/en\/wp-json\/wp\/v2\/product\/1014","targetHints":{"allow":["GET"]}}],"collection":[{"href":"https:\/\/amenagementchartrand.com\/en\/wp-json\/wp\/v2\/product"}],"about":[{"href":"https:\/\/amenagementchartrand.com\/en\/wp-json\/wp\/v2\/types\/product"}],"replies":[{"embeddable":true,"href":"https:\/\/amenagementchartrand.com\/en\/wp-json\/wp\/v2\/comments?post=1014"}],"version-history":[{"count":5,"href":"https:\/\/amenagementchartrand.com\/en\/wp-json\/wp\/v2\/product\/1014\/revisions"}],"predecessor-version":[{"id":6731,"href":"https:\/\/amenagementchartrand.com\/en\/wp-json\/wp\/v2\/product\/1014\/revisions\/6731"}],"wp:featuredmedia":[{"embeddable":true,"href":"https:\/\/amenagementchartrand.com\/en\/wp-json\/wp\/v2\/media\/1023"}],"wp:attachment":[{"href":"https:\/\/amenagementchartrand.com\/en\/wp-json\/wp\/v2\/media?parent=1014"}],"wp:term":[{"taxonomy":"product_brand","embeddable":true,"href":"https:\/\/amenagementchartrand.com\/en\/wp-json\/wp\/v2\/product_brand?post=1014"},{"taxonomy":"product_cat","embeddable":true,"href":"https:\/\/amenagementchartrand.com\/en\/wp-json\/wp\/v2\/product_cat?post=1014"},{"taxonomy":"product_tag","embeddable":true,"href":"https:\/\/amenagementchartrand.com\/en\/wp-json\/wp\/v2\/product_tag?post=1014"}],"curies":[{"name":"wp","href":"https:\/\/api.w.org\/{rel}","templated":true}]}}