{"id":1001,"date":"2022-03-15T15:32:05","date_gmt":"2022-03-15T15:32:05","guid":{"rendered":"https:\/\/amenagementchartrand.sltm.ca\/?post_type=product&#038;p=1001"},"modified":"2025-09-19T14:25:58","modified_gmt":"2025-09-19T18:25:58","slug":"cloture-moderne-5-48%e2%80%b3","status":"publish","type":"product","link":"https:\/\/amenagementchartrand.com\/en\/boutique\/cloture-moderne-5-48%e2%80%b3\/","title":{"rendered":"Cl\u00f4ture moderne 5 (48\u2033)"},"content":{"rendered":"\t\t<div data-elementor-type=\"product-post\" data-elementor-id=\"1001\" class=\"elementor elementor-1001\" data-elementor-post-type=\"product\">\n\t\t\t\t<div class=\"elementor-element elementor-element-618cc089 e-flex e-con-boxed e-con e-parent\" data-id=\"618cc089\" data-element_type=\"container\" data-e-type=\"container\">\n\t\t\t\t\t<div class=\"e-con-inner\">\n\t\t\t\t<div class=\"elementor-element elementor-element-36c3a0b7 elementor-widget elementor-widget-text-editor\" data-id=\"36c3a0b7\" data-element_type=\"widget\" data-e-type=\"widget\" data-widget_type=\"text-editor.default\">\n\t\t\t\t<div class=\"elementor-widget-container\">\n\t\t\t\t\t\t\t\t\t<h3>Vous d\u00e9sirez une cl\u00f4ture moderne dans votre cour?<\/h3><h4 class=\"serp-title\">Cl\u00f4ture moderne 5 (48\u2033)<\/h4><p><strong>LES CARACTE\u0301RISTIQUES :\u00a0<\/strong>Ne n\u00e9cessite aucun assemblage. 100 % aluminium.\u00a0Poteaux 3\u2019\u2019 et 1.75\u2019\u2019 compatibles. Aucune vis apparente.<\/p><p><strong>L\u2019ENSEMBLE COMPREND :\u00a0<\/strong>1 garde-corps assemble\u0301 : 1 main courante (1 1\u20442\u2019\u2019 x 1 1\u20442 \u2018\u2019). 1 profile\u0301 du bas (1 1\u20442\u2019\u2019 x 1 1\u20442 \u2018\u2019). 4 crans de fixation. Vis auto-per\u00e7antes.<\/p><p><strong>LES OUTILS REQUIS :\u00a0<\/strong>Scie a\u0300 onglet. Lame a\u0300 bois ou a\u0300 me\u0301tal. Perceuse.<\/p><p>\u00a0<\/p><p>Voyez tous nos autres styles de cl\u00f4ture <a href=\"https:\/\/amenagementchartrand.com\/boutique\/\">en cliquant ici<\/a>!<\/p><p>\u00a0<\/p><p>Envie d&#8217;une cl\u00f4ture moderne pour votre cour? Jetez un \u0153il \u00e0 notre mod\u00e8le 5 (48 pouces)! Elle arrive d\u00e9j\u00e0 mont\u00e9e, super pratique, et son design en aluminium, sans aucune vis visible, donne un look vraiment propre. C&#8217;est parfait pour s\u00e9curiser la piscine avec une touche d&#8217;\u00e9l\u00e9gance (juste \u00e0 pr\u00e9voir les poteaux!).<\/p><p>\u00a0<\/p><p><strong>POTEAUX NON INCLUS<\/strong><\/p><p>Section de cl\u00f4ture en aluminium pr\u00e9assembl\u00e9e. Id\u00e9ale pour se\u0301curiser la piscine.<\/p><p><a href=\"https:\/\/amenagementchartrand.com\/wp-content\/uploads\/2022\/03\/Guide-d_installation.pdf\" target=\"_blank\" rel=\"noopener\"><strong>Guide d&#8217;installation<\/strong><\/a><\/p>\t\t\t\t\t\t\t\t<\/div>\n\t\t\t\t<\/div>\n\t\t\t\t<div class=\"elementor-element elementor-element-29ad7d2 elementor-widget elementor-widget-html\" data-id=\"29ad7d2\" data-element_type=\"widget\" data-e-type=\"widget\" data-widget_type=\"html.default\">\n\t\t\t\t<div class=\"elementor-widget-container\">\n\t\t\t\t\t<script type=\"application\/ld+json\">\n{\n  \"@context\": \"https:\/\/schema.org\/\",\n  \"@type\": \"Product\",\n  \"name\": \"Cl\u00f4ture moderne 5 (48 pouces)\",\n  \"description\": \"Envie d\u2019une cl\u00f4ture moderne pour votre cour? Jetez un \u0153il \u00e0 notre mod\u00e8le 5 (48 pouces)! Elle arrive d\u00e9j\u00e0 mont\u00e9e, super pratique, et son design en aluminium, sans aucune vis visible, donne un look vraiment propre. Parfaite pour s\u00e9curiser la piscine avec une touche d\u2019\u00e9l\u00e9gance (poteaux \u00e0 pr\u00e9voir). Ne n\u00e9cessite aucun assemblage. 100 % aluminium. Poteaux 3\u2019\u2019 et 1.75\u2019\u2019 compatibles. Aucune vis apparente. Couleurs disponibles : blanc, noir, charbon, brun commercial. Hauteur disponible : 48 pouces. Longueurs disponibles : 46 pouces ou 72 pouces.\",\n  \"image\": [\n    \"https:\/\/amenagementchartrand.com\/wp-content\/uploads\/2022\/03\/modern-5.png\"\n  ],\n  \"sku\": \"000\",\n  \"offers\": {\n    \"@type\": \"Offer\",\n    \"priceCurrency\": \"CAD\",\n    \"price\": \"131.12\",\n    \"priceSpecification\": {\n      \"@type\": \"PriceSpecification\",\n      \"priceCurrency\": \"CAD\",\n      \"minPrice\": \"131.12\",\n      \"maxPrice\": \"215.87\"\n    },\n    \"priceValidUntil\": \"2025-12-31\",\n    \"url\": \"https:\/\/amenagementchartrand.com\/boutique\/cloture-moderne-5-48%e2%80%b3\/\",\n    \"itemCondition\": \"https:\/\/schema.org\/NewCondition\",\n    \"taxIncluded\": false\n  }\n}\n<\/script>\n\t\t\t\t<\/div>\n\t\t\t\t<\/div>\n\t\t\t\t\t<\/div>\n\t\t\t\t<\/div>\n\t\t\t\t<\/div>\n\t\t","protected":false},"excerpt":{"rendered":"<p>Cl\u00f4ture moderne 5 (48\u2033)<\/p>\n<p><strong>POTEAUX NON INCLUS<\/strong><\/p>\n<p>Section de cl\u00f4ture en aluminium pr\u00e9assembl\u00e9e. Id\u00e9ale pour se\u0301curiser la piscine.<\/p>\n<p><a href=\"https:\/\/amenagementchartrand.com\/wp-content\/uploads\/2022\/03\/Guide-d_installation.pdf\" target=\"_blank\" rel=\"noopener\"><strong>Guide d&#8217;installation<\/strong><\/a><\/p>\n","protected":false},"featured_media":970,"comment_status":"open","ping_status":"closed","template":"","meta":[],"product_brand":[],"product_cat":[27],"product_tag":[],"class_list":{"0":"post-1001","1":"product","2":"type-product","3":"status-publish","4":"has-post-thumbnail","6":"product_cat-clotures-aluminium","8":"first","9":"instock","10":"taxable","11":"shipping-taxable","12":"purchasable","13":"product-type-variable"},"_links":{"self":[{"href":"https:\/\/amenagementchartrand.com\/en\/wp-json\/wp\/v2\/product\/1001","targetHints":{"allow":["GET"]}}],"collection":[{"href":"https:\/\/amenagementchartrand.com\/en\/wp-json\/wp\/v2\/product"}],"about":[{"href":"https:\/\/amenagementchartrand.com\/en\/wp-json\/wp\/v2\/types\/product"}],"replies":[{"embeddable":true,"href":"https:\/\/amenagementchartrand.com\/en\/wp-json\/wp\/v2\/comments?post=1001"}],"version-history":[{"count":6,"href":"https:\/\/amenagementchartrand.com\/en\/wp-json\/wp\/v2\/product\/1001\/revisions"}],"predecessor-version":[{"id":6728,"href":"https:\/\/amenagementchartrand.com\/en\/wp-json\/wp\/v2\/product\/1001\/revisions\/6728"}],"wp:featuredmedia":[{"embeddable":true,"href":"https:\/\/amenagementchartrand.com\/en\/wp-json\/wp\/v2\/media\/970"}],"wp:attachment":[{"href":"https:\/\/amenagementchartrand.com\/en\/wp-json\/wp\/v2\/media?parent=1001"}],"wp:term":[{"taxonomy":"product_brand","embeddable":true,"href":"https:\/\/amenagementchartrand.com\/en\/wp-json\/wp\/v2\/product_brand?post=1001"},{"taxonomy":"product_cat","embeddable":true,"href":"https:\/\/amenagementchartrand.com\/en\/wp-json\/wp\/v2\/product_cat?post=1001"},{"taxonomy":"product_tag","embeddable":true,"href":"https:\/\/amenagementchartrand.com\/en\/wp-json\/wp\/v2\/product_tag?post=1001"}],"curies":[{"name":"wp","href":"https:\/\/api.w.org\/{rel}","templated":true}]}}